{"id":109,"date":"2017-03-13T17:03:27","date_gmt":"2017-03-13T17:03:27","guid":{"rendered":"http:\/\/www.refrigeracion-famas.com.ar\/camaras-frigorificas-desverdizado-de-frutas\/?page_id=109"},"modified":"2017-03-29T17:35:46","modified_gmt":"2017-03-29T17:35:46","slug":"camaras-frigorificas-para-maduradero-de-bananas","status":"publish","type":"page","link":"http:\/\/www.refrigeracion-famas.com.ar\/camaras-frigorificas-desverdizado-de-frutas\/camaras-frigorificas\/camaras-frigorificas-para-maduradero-de-bananas\/","title":{"rendered":"C\u00e1maras frigor\u00edficas para maduradero de bananas"},"content":{"rendered":"<p>Las c\u00e1maras frigor\u00edficas para Maduradero de Bananas son c\u00e1maras que contienen dos sistemas unificados.- Por un lado se provee un sistema de refrigeraci\u00f3n para alta temperatura y por otro lado se provee un sistema de desverdizado o maduraci\u00f3n que consiste b\u00e1sicamente en un sistema de calor e inyecci\u00f3n de gas azethyl (mezcla que contiene etileno y que no es explosiva como el mismo).- La fuente de energ\u00eda del sistema de calor puede ser el\u00e9ctrica (por resistencias el\u00e9ctricas) o a gas.- La inyecci\u00f3n de gas azethyl se regula de acuerdo a la cantidad de mercader\u00eda existente dentro de la c\u00e1mara.-<br \/>\nEs muy importante que en las c\u00e1maras frigor\u00edficas para maduradero de bananas se coloque un sistema de renovaci\u00f3n de aire para expulsar el CO2 que libera la banana al madurarse.- Esto se puede hacer con un sistema autom\u00e1tico controlado por un timer que renueva por tiempo \u00f3 con un sistema autom\u00e1tico comandado por un controlador de CO2, que extraer\u00e1 el aire cuando este saturado por CO2.-<\/p>\n<p>En <strong>FAMAS S.R.L<\/strong> proyectamos, dirigimos, fabricamos y ejecutamos C\u00e1maras Frigor\u00edficas para Maduradero de Bananas.-<\/p>\n<p><img loading=\"lazy\" class=\"alignnone size-full wp-image-110\" src=\"http:\/\/www.refrigeracion-famas.com.ar\/camaras-frigorificas-desverdizado-de-frutas\/wp-content\/uploads\/2017\/03\/camaras4.jpg\" alt=\"\" width=\"360\" height=\"132\" srcset=\"http:\/\/www.refrigeracion-famas.com.ar\/camaras-frigorificas-desverdizado-de-frutas\/wp-content\/uploads\/2017\/03\/camaras4.jpg 360w, http:\/\/www.refrigeracion-famas.com.ar\/camaras-frigorificas-desverdizado-de-frutas\/wp-content\/uploads\/2017\/03\/camaras4-300x110.jpg 300w\" sizes=\"(max-width: 360px) 100vw, 360px\" \/><\/p>\n<p><strong><a href=\"http:\/\/www.refrigeracion-famas.com.ar\/camaras-frigorificas-desverdizado-de-frutas\/camaras-frigorificas\/\">&lt;&lt; Volver<\/a><\/strong><\/p>\n<p>&nbsp;<\/p>\n","protected":false},"excerpt":{"rendered":"<p>Las c\u00e1maras frigor\u00edficas para Maduradero de Bananas son c\u00e1maras que contienen dos sistemas unificados.- Por un lado se provee un<\/p>\n","protected":false},"author":1,"featured_media":0,"parent":49,"menu_order":0,"comment_status":"closed","ping_status":"closed","template":"","meta":{"_et_pb_use_builder":"","_et_pb_old_content":""},"_links":{"self":[{"href":"http:\/\/www.refrigeracion-famas.com.ar\/camaras-frigorificas-desverdizado-de-frutas\/wp-json\/wp\/v2\/pages\/109"}],"collection":[{"href":"http:\/\/www.refrigeracion-famas.com.ar\/camaras-frigorificas-desverdizado-de-frutas\/wp-json\/wp\/v2\/pages"}],"about":[{"href":"http:\/\/www.refrigeracion-famas.com.ar\/camaras-frigorificas-desverdizado-de-frutas\/wp-json\/wp\/v2\/types\/page"}],"author":[{"embeddable":true,"href":"http:\/\/www.refrigeracion-famas.com.ar\/camaras-frigorificas-desverdizado-de-frutas\/wp-json\/wp\/v2\/users\/1"}],"replies":[{"embeddable":true,"href":"http:\/\/www.refrigeracion-famas.com.ar\/camaras-frigorificas-desverdizado-de-frutas\/wp-json\/wp\/v2\/comments?post=109"}],"version-history":[{"count":1,"href":"http:\/\/www.refrigeracion-famas.com.ar\/camaras-frigorificas-desverdizado-de-frutas\/wp-json\/wp\/v2\/pages\/109\/revisions"}],"predecessor-version":[{"id":229,"href":"http:\/\/www.refrigeracion-famas.com.ar\/camaras-frigorificas-desverdizado-de-frutas\/wp-json\/wp\/v2\/pages\/109\/revisions\/229"}],"up":[{"embeddable":true,"href":"http:\/\/www.refrigeracion-famas.com.ar\/camaras-frigorificas-desverdizado-de-frutas\/wp-json\/wp\/v2\/pages\/49"}],"wp:attachment":[{"href":"http:\/\/www.refrigeracion-famas.com.ar\/camaras-frigorificas-desverdizado-de-frutas\/wp-json\/wp\/v2\/media?parent=109"}],"curies":[{"name":"wp","href":"https:\/\/api.w.org\/{rel}","templated":true}]}}