{"id":113,"date":"2017-03-13T17:07:16","date_gmt":"2017-03-13T17:07:16","guid":{"rendered":"http:\/\/www.refrigeracion-famas.com.ar\/camaras-frigorificas-desverdizado-de-frutas\/?page_id=113"},"modified":"2017-03-29T17:38:34","modified_gmt":"2017-03-29T17:38:34","slug":"camaras-frigorificas-para-verduras-de-hojas","status":"publish","type":"page","link":"http:\/\/www.refrigeracion-famas.com.ar\/camaras-frigorificas-desverdizado-de-frutas\/camaras-frigorificas\/camaras-frigorificas-para-verduras-de-hojas\/","title":{"rendered":"C\u00e1maras frigor\u00edficas para verduras de hojas"},"content":{"rendered":"<p>Las c\u00e1maras frigor\u00edficas para verduras de hoja no s\u00f3lo necesitan una instalaci\u00f3n frigor\u00edfica con la capacidad suficiente para proveer la temperatura apropiada para la conservaci\u00f3n, sino que tambi\u00e9n dicha instalaci\u00f3n frigor\u00edfica debe proveer un porcentaje de Humedad Relativa Ambiente de 90\/95%.- Este alto porcentaje de humedad permitir\u00e1 que la mercader\u00eda tenga el mismo peso e igual aspecto y presentaci\u00f3n que cuando ingres\u00f3, generando obvias ventajas para su comercializaci\u00f3n tales como Optima Presentaci\u00f3n de la Mercader\u00eda, evitar la deshidrataci\u00f3n, etc.<br \/>\nPara lograr este tipo de prestaci\u00f3n en una c\u00e1mara frigor\u00edfica para verduras de hoja no s\u00f3lo se debe colocar la potencia frigor\u00edfica correspondiente, sino que tambi\u00e9n el resto de la instalaci\u00f3n debe ser el apropiado, particularmente el tama\u00f1o del evaporador por aire forzado debe tener un tama\u00f1o tal que permita proveer un alto porcentaje de Humedad Relativa Ambiente, como as\u00ed tambi\u00e9n la velocidad del aire.-<\/p>\n<p>Es importante tener presente que mientras m\u00e1s alto porcentaje de humedad relativa ambiente se necesite m\u00e1s grande deber\u00e1 ser el evaporador, por ello nuestras c\u00e1maras frigor\u00edficas para verduras de hoja se fabrican con evaporadores \u201cgrandes\u201d para obtener entre el 90\/95% de humedad relativa ambiente.-<\/p>\n<p>En<strong> FAMAS S.R.L<\/strong> proyectamos, dirigimos, fabricamos y ejecutamos las plantas de empaque y C\u00e1maras Frigor\u00edficas para verduras de hoja.-<\/p>\n<p><img loading=\"lazy\" class=\"alignnone size-full wp-image-114\" src=\"http:\/\/www.refrigeracion-famas.com.ar\/camaras-frigorificas-desverdizado-de-frutas\/wp-content\/uploads\/2017\/03\/camaras5.jpg\" alt=\"\" width=\"491\" height=\"132\" srcset=\"http:\/\/www.refrigeracion-famas.com.ar\/camaras-frigorificas-desverdizado-de-frutas\/wp-content\/uploads\/2017\/03\/camaras5.jpg 491w, http:\/\/www.refrigeracion-famas.com.ar\/camaras-frigorificas-desverdizado-de-frutas\/wp-content\/uploads\/2017\/03\/camaras5-300x81.jpg 300w\" sizes=\"(max-width: 491px) 100vw, 491px\" \/><\/p>\n<p><strong><a href=\"http:\/\/www.refrigeracion-famas.com.ar\/camaras-frigorificas-desverdizado-de-frutas\/camaras-frigorificas\/\">&lt;&lt; Volver<\/a><\/strong><\/p>\n<p>&nbsp;<\/p>\n","protected":false},"excerpt":{"rendered":"<p>Las c\u00e1maras frigor\u00edficas para verduras de hoja no s\u00f3lo necesitan una instalaci\u00f3n frigor\u00edfica con la capacidad suficiente para proveer la<\/p>\n","protected":false},"author":1,"featured_media":0,"parent":49,"menu_order":0,"comment_status":"closed","ping_status":"closed","template":"","meta":{"_et_pb_use_builder":"","_et_pb_old_content":""},"_links":{"self":[{"href":"http:\/\/www.refrigeracion-famas.com.ar\/camaras-frigorificas-desverdizado-de-frutas\/wp-json\/wp\/v2\/pages\/113"}],"collection":[{"href":"http:\/\/www.refrigeracion-famas.com.ar\/camaras-frigorificas-desverdizado-de-frutas\/wp-json\/wp\/v2\/pages"}],"about":[{"href":"http:\/\/www.refrigeracion-famas.com.ar\/camaras-frigorificas-desverdizado-de-frutas\/wp-json\/wp\/v2\/types\/page"}],"author":[{"embeddable":true,"href":"http:\/\/www.refrigeracion-famas.com.ar\/camaras-frigorificas-desverdizado-de-frutas\/wp-json\/wp\/v2\/users\/1"}],"replies":[{"embeddable":true,"href":"http:\/\/www.refrigeracion-famas.com.ar\/camaras-frigorificas-desverdizado-de-frutas\/wp-json\/wp\/v2\/comments?post=113"}],"version-history":[{"count":1,"href":"http:\/\/www.refrigeracion-famas.com.ar\/camaras-frigorificas-desverdizado-de-frutas\/wp-json\/wp\/v2\/pages\/113\/revisions"}],"predecessor-version":[{"id":232,"href":"http:\/\/www.refrigeracion-famas.com.ar\/camaras-frigorificas-desverdizado-de-frutas\/wp-json\/wp\/v2\/pages\/113\/revisions\/232"}],"up":[{"embeddable":true,"href":"http:\/\/www.refrigeracion-famas.com.ar\/camaras-frigorificas-desverdizado-de-frutas\/wp-json\/wp\/v2\/pages\/49"}],"wp:attachment":[{"href":"http:\/\/www.refrigeracion-famas.com.ar\/camaras-frigorificas-desverdizado-de-frutas\/wp-json\/wp\/v2\/media?parent=113"}],"curies":[{"name":"wp","href":"https:\/\/api.w.org\/{rel}","templated":true}]}}