{"id":121,"date":"2017-03-13T17:15:29","date_gmt":"2017-03-13T17:15:29","guid":{"rendered":"http:\/\/www.refrigeracion-famas.com.ar\/camaras-frigorificas-desverdizado-de-frutas\/?page_id=121"},"modified":"2017-03-29T17:19:50","modified_gmt":"2017-03-29T17:19:50","slug":"camaras-frigorificas-para-carne-vacuna","status":"publish","type":"page","link":"http:\/\/www.refrigeracion-famas.com.ar\/camaras-frigorificas-desverdizado-de-frutas\/camaras-frigorificas\/camaras-frigorificas-para-carne-vacuna\/","title":{"rendered":"C\u00e1maras frigor\u00edficas para carne vacuna"},"content":{"rendered":"<p>Las c\u00e1maras frigor\u00edficas para Carnes Vacunas no s\u00f3lo necesitan una instalaci\u00f3n frigor\u00edfica con la capacidad suficiente para proveer la temperatura apropiada para la conservaci\u00f3n, sino que tambi\u00e9n dicha instalaci\u00f3n frigor\u00edfica debe proveer un porcentaje de Humedad Relativa Ambiente de alrededor de 85%.- Este alto porcentaje de humedad permitir\u00e1 que la mercader\u00eda tenga el mismo peso e igual aspecto y presentaci\u00f3n que cuando ingres\u00f3, generando obvias ventajas para su comercializaci\u00f3n tales como Optima Presentaci\u00f3n de la Mercader\u00eda evitando que se ponga \u201cnegra\u201d, reducci\u00f3n al m\u00e1ximo de la p\u00e9rdida de kilos o \u201cMerma\u201d, etc.<\/p>\n<p>Para lograr este tipo de prestaci\u00f3n en una c\u00e1mara frigor\u00edfica para Carnes Vacunas no s\u00f3lo se debe colocar la potencia frigor\u00edfica correspondiente, sino que tambi\u00e9n el resto de la instalaci\u00f3n debe ser el apropiado, particularmente el tama\u00f1o del evaporador por aire forzado debe tener un tama\u00f1o tal que permita proveer un alto porcentaje de Humedad Relativa Ambiente, como as\u00ed tambi\u00e9n la velocidad del aire.-<\/p>\n<p>Es importante tener presente que mientras m\u00e1s alto porcentaje de humedad relativa ambiente se necesite m\u00e1s grande deber\u00e1 ser el evaporador, por ello nuestras c\u00e1maras frigor\u00edficas para Carne Vacunas se fabrican con evaporadores \u201cgrandes\u201d para obtener alrededor del 85% de humedad relativa ambiente.-<\/p>\n<p>El enfriamiento de la mercader\u00eda que ingrese \u201ccaliente\u201d de la Sala de Oreo se puede realizar de diversas formas.- Una de ellas es agregar la potencia suficiente a la misma c\u00e1mara de mantenimiento para enfriar la cantidad de kilos que se estimen ingresar\u00e1n por d\u00eda.- Otra forma es hacer por separado una c\u00e1mara de mantenimiento y otra de enfriamiento m\u00e1s chica que la primera pero con mayor potencia en proporci\u00f3n ya que debe enfriar y no mantener.- Luego del enfriamiento la mercader\u00eda puede ser almacenada y\/o stockeada en las c\u00e1maras para mantenimiento y conservaci\u00f3n que debe tener alrededor de 85% de Humedad Relativa Ambiente.-<\/p>\n<p>En <strong>FAMAS S.R.L<\/strong> proyectamos, dirigimos, fabricamos y ejecutamos las plantas de empaque, T\u00faneles de Enfriamiento R\u00e1pido (T\u00faneles Californianos) y C\u00e1maras Frigor\u00edficas para Carnes Vacunas.<\/p>\n<p><img loading=\"lazy\" class=\"alignnone size-full wp-image-122\" src=\"http:\/\/www.refrigeracion-famas.com.ar\/camaras-frigorificas-desverdizado-de-frutas\/wp-content\/uploads\/2017\/03\/camaras7.jpg\" alt=\"\" width=\"442\" height=\"135\" srcset=\"http:\/\/www.refrigeracion-famas.com.ar\/camaras-frigorificas-desverdizado-de-frutas\/wp-content\/uploads\/2017\/03\/camaras7.jpg 442w, http:\/\/www.refrigeracion-famas.com.ar\/camaras-frigorificas-desverdizado-de-frutas\/wp-content\/uploads\/2017\/03\/camaras7-300x92.jpg 300w\" sizes=\"(max-width: 442px) 100vw, 442px\" \/><\/p>\n<p><strong><a href=\"http:\/\/www.refrigeracion-famas.com.ar\/camaras-frigorificas-desverdizado-de-frutas\/camaras-frigorificas\/\">&lt;&lt; Volver<\/a><\/strong><\/p>\n<p>&nbsp;<\/p>\n","protected":false},"excerpt":{"rendered":"<p>Las c\u00e1maras frigor\u00edficas para Carnes Vacunas no s\u00f3lo necesitan una instalaci\u00f3n frigor\u00edfica con la capacidad suficiente para proveer la temperatura<\/p>\n","protected":false},"author":1,"featured_media":0,"parent":49,"menu_order":0,"comment_status":"closed","ping_status":"closed","template":"","meta":{"_et_pb_use_builder":"","_et_pb_old_content":""},"_links":{"self":[{"href":"http:\/\/www.refrigeracion-famas.com.ar\/camaras-frigorificas-desverdizado-de-frutas\/wp-json\/wp\/v2\/pages\/121"}],"collection":[{"href":"http:\/\/www.refrigeracion-famas.com.ar\/camaras-frigorificas-desverdizado-de-frutas\/wp-json\/wp\/v2\/pages"}],"about":[{"href":"http:\/\/www.refrigeracion-famas.com.ar\/camaras-frigorificas-desverdizado-de-frutas\/wp-json\/wp\/v2\/types\/page"}],"author":[{"embeddable":true,"href":"http:\/\/www.refrigeracion-famas.com.ar\/camaras-frigorificas-desverdizado-de-frutas\/wp-json\/wp\/v2\/users\/1"}],"replies":[{"embeddable":true,"href":"http:\/\/www.refrigeracion-famas.com.ar\/camaras-frigorificas-desverdizado-de-frutas\/wp-json\/wp\/v2\/comments?post=121"}],"version-history":[{"count":1,"href":"http:\/\/www.refrigeracion-famas.com.ar\/camaras-frigorificas-desverdizado-de-frutas\/wp-json\/wp\/v2\/pages\/121\/revisions"}],"predecessor-version":[{"id":225,"href":"http:\/\/www.refrigeracion-famas.com.ar\/camaras-frigorificas-desverdizado-de-frutas\/wp-json\/wp\/v2\/pages\/121\/revisions\/225"}],"up":[{"embeddable":true,"href":"http:\/\/www.refrigeracion-famas.com.ar\/camaras-frigorificas-desverdizado-de-frutas\/wp-json\/wp\/v2\/pages\/49"}],"wp:attachment":[{"href":"http:\/\/www.refrigeracion-famas.com.ar\/camaras-frigorificas-desverdizado-de-frutas\/wp-json\/wp\/v2\/media?parent=121"}],"curies":[{"name":"wp","href":"https:\/\/api.w.org\/{rel}","templated":true}]}}