{"id":131,"date":"2017-03-13T17:24:30","date_gmt":"2017-03-13T17:24:30","guid":{"rendered":"http:\/\/www.refrigeracion-famas.com.ar\/camaras-frigorificas-desverdizado-de-frutas\/?page_id=131"},"modified":"2017-03-29T17:21:19","modified_gmt":"2017-03-29T17:21:19","slug":"camaras-frigorificas-para-congelados-y-ultracongelados","status":"publish","type":"page","link":"http:\/\/www.refrigeracion-famas.com.ar\/camaras-frigorificas-desverdizado-de-frutas\/camaras-frigorificas\/camaras-frigorificas-para-congelados-y-ultracongelados\/","title":{"rendered":"C\u00e1maras frigor\u00edficas para congelados y ultracongelados"},"content":{"rendered":"<p>Las C\u00e1maras Frigor\u00edficas para Congelados y Ultracongelados tienen algunas caracter\u00edsticas diferentes de las de \u201cFresco\u201d.-<br \/>\nUna de ellas es que el piso se a\u00edsla igual que las paredes y el techo, lo que no sucede en las C\u00e1maras de \u201cFresco\u201d.- Esto es as\u00ed no para evitar una supuesta p\u00e9rdida de frigor\u00edas (que no es tal) sino para evitar el congelamiento del agua del piso, ya que si esto sucede al pasar de estado l\u00edquido a estado s\u00f3lido aumenta de volumen y rompe el piso.-<\/p>\n<p>En las C\u00e1maras Frigor\u00edficas para Congelados y Ultracongelados el descongelamiento o descarche se realiza por resistencias el\u00e9ctricas y no por tiempo como en las c\u00e1maras de \u201cFresco\u201d. Otra diferencia es que en las C\u00e1maras Frigor\u00edficas para Congelados y Ultracongelados la separaci\u00f3n de aletas del evaporador es mayor para evitar que la formaci\u00f3n de hielo bloquee demasiado r\u00e1pido el pasaje de aire y por consiguiente el intercambio de la temperatura.-<br \/>\nPero lo m\u00e1s importante a tener en cuenta en una C\u00e1mara Frigor\u00edfica para Congelados y Ultracongelados es saber previamente si ser\u00e1 solamente para mantener la mercader\u00eda que ya ingres\u00f3 congelada \u00f3 si ser\u00e1 necesario congelar mercader\u00eda que ingrese a una temperatura mayor a la requerida.- En este caso, se deber\u00e1 saber cuanto ser\u00e1 el m\u00e1ximo ingreso diario en kilos.-<br \/>\nEsta definici\u00f3n es extremadamente importante para poder definir cual ser\u00e1 la necesidad frigor\u00edfica, y por lo tanto la potencia, ya que las diferencias de tama\u00f1o de compresor\/es pueden ser varias veces mayor si es necesario congelar que si solo se necesita mantener lo previamente congelado.-<\/p>\n<p>Otro punto muy importante a considerar es el tiempo en que se requiere congelar la mercader\u00eda, ya que mientras m\u00e1s r\u00e1pido se quiera congelar mayor ser\u00e1 el requerimiento frigor\u00edfico y por lo tanto la potencia.-<br \/>\nEn FAMAS S.R.L proyectamos, dirigimos, fabricamos y ejecutamos las plantas de procesamiento, empaque y las C\u00e1maras Frigor\u00edficas para Congelados y Ultracongelados-<\/p>\n<p><img loading=\"lazy\" class=\"alignnone size-full wp-image-132\" src=\"http:\/\/www.refrigeracion-famas.com.ar\/camaras-frigorificas-desverdizado-de-frutas\/wp-content\/uploads\/2017\/03\/camaras8.jpg\" alt=\"\" width=\"485\" height=\"132\" srcset=\"http:\/\/www.refrigeracion-famas.com.ar\/camaras-frigorificas-desverdizado-de-frutas\/wp-content\/uploads\/2017\/03\/camaras8.jpg 485w, http:\/\/www.refrigeracion-famas.com.ar\/camaras-frigorificas-desverdizado-de-frutas\/wp-content\/uploads\/2017\/03\/camaras8-300x82.jpg 300w\" sizes=\"(max-width: 485px) 100vw, 485px\" \/><\/p>\n<p><strong><a href=\"http:\/\/www.refrigeracion-famas.com.ar\/camaras-frigorificas-desverdizado-de-frutas\/camaras-frigorificas\/\">&lt;&lt; Volver<\/a><\/strong><\/p>\n<p>&nbsp;<\/p>\n","protected":false},"excerpt":{"rendered":"<p>Las C\u00e1maras Frigor\u00edficas para Congelados y Ultracongelados tienen algunas caracter\u00edsticas diferentes de las de \u201cFresco\u201d.- Una de ellas es que<\/p>\n","protected":false},"author":1,"featured_media":0,"parent":49,"menu_order":0,"comment_status":"closed","ping_status":"closed","template":"","meta":{"_et_pb_use_builder":"","_et_pb_old_content":""},"_links":{"self":[{"href":"http:\/\/www.refrigeracion-famas.com.ar\/camaras-frigorificas-desverdizado-de-frutas\/wp-json\/wp\/v2\/pages\/131"}],"collection":[{"href":"http:\/\/www.refrigeracion-famas.com.ar\/camaras-frigorificas-desverdizado-de-frutas\/wp-json\/wp\/v2\/pages"}],"about":[{"href":"http:\/\/www.refrigeracion-famas.com.ar\/camaras-frigorificas-desverdizado-de-frutas\/wp-json\/wp\/v2\/types\/page"}],"author":[{"embeddable":true,"href":"http:\/\/www.refrigeracion-famas.com.ar\/camaras-frigorificas-desverdizado-de-frutas\/wp-json\/wp\/v2\/users\/1"}],"replies":[{"embeddable":true,"href":"http:\/\/www.refrigeracion-famas.com.ar\/camaras-frigorificas-desverdizado-de-frutas\/wp-json\/wp\/v2\/comments?post=131"}],"version-history":[{"count":1,"href":"http:\/\/www.refrigeracion-famas.com.ar\/camaras-frigorificas-desverdizado-de-frutas\/wp-json\/wp\/v2\/pages\/131\/revisions"}],"predecessor-version":[{"id":227,"href":"http:\/\/www.refrigeracion-famas.com.ar\/camaras-frigorificas-desverdizado-de-frutas\/wp-json\/wp\/v2\/pages\/131\/revisions\/227"}],"up":[{"embeddable":true,"href":"http:\/\/www.refrigeracion-famas.com.ar\/camaras-frigorificas-desverdizado-de-frutas\/wp-json\/wp\/v2\/pages\/49"}],"wp:attachment":[{"href":"http:\/\/www.refrigeracion-famas.com.ar\/camaras-frigorificas-desverdizado-de-frutas\/wp-json\/wp\/v2\/media?parent=131"}],"curies":[{"name":"wp","href":"https:\/\/api.w.org\/{rel}","templated":true}]}}