{"id":136,"date":"2017-03-13T17:25:54","date_gmt":"2017-03-13T17:25:54","guid":{"rendered":"http:\/\/www.refrigeracion-famas.com.ar\/camaras-frigorificas-desverdizado-de-frutas\/?page_id=136"},"modified":"2017-03-29T17:36:34","modified_gmt":"2017-03-29T17:36:34","slug":"camaras-frigorificas-para-otros-productos","status":"publish","type":"page","link":"http:\/\/www.refrigeracion-famas.com.ar\/camaras-frigorificas-desverdizado-de-frutas\/camaras-frigorificas\/camaras-frigorificas-para-otros-productos\/","title":{"rendered":"C\u00e1maras frigor\u00edficas para otros productos"},"content":{"rendered":"<p><strong>FAMAS S.R.L.<\/strong> es una PyME argentina con 40 a\u00f1os de trayectoria en el rubro de la refrigeraci\u00f3n comercial e industrial. Se trata de una empresa familiar especializada en asesorar, proyectar y construir C\u00e1maras Frigor\u00edficas del rubro alimenticio para abastecer a empresas y productores de todo el pa\u00eds<\/p>\n<p>&nbsp;<\/p>\n<p>&nbsp;<\/p>\n<p>&nbsp;<\/p>\n<p>&nbsp;<\/p>\n<p>&nbsp;<\/p>\n<p>&nbsp;<\/p>\n<p>&nbsp;<\/p>\n<p>&nbsp;<\/p>\n<p><strong><a href=\"http:\/\/www.refrigeracion-famas.com.ar\/camaras-frigorificas-desverdizado-de-frutas\/camaras-frigorificas\/\">&lt;&lt; Volver<\/a><\/strong><\/p>\n<p>&nbsp;<\/p>\n<p>&nbsp;<\/p>\n","protected":false},"excerpt":{"rendered":"<p>FAMAS S.R.L. es una PyME argentina con 40 a\u00f1os de trayectoria en el rubro de la refrigeraci\u00f3n comercial e industrial.<\/p>\n","protected":false},"author":1,"featured_media":0,"parent":49,"menu_order":0,"comment_status":"closed","ping_status":"closed","template":"","meta":{"_et_pb_use_builder":"","_et_pb_old_content":""},"_links":{"self":[{"href":"http:\/\/www.refrigeracion-famas.com.ar\/camaras-frigorificas-desverdizado-de-frutas\/wp-json\/wp\/v2\/pages\/136"}],"collection":[{"href":"http:\/\/www.refrigeracion-famas.com.ar\/camaras-frigorificas-desverdizado-de-frutas\/wp-json\/wp\/v2\/pages"}],"about":[{"href":"http:\/\/www.refrigeracion-famas.com.ar\/camaras-frigorificas-desverdizado-de-frutas\/wp-json\/wp\/v2\/types\/page"}],"author":[{"embeddable":true,"href":"http:\/\/www.refrigeracion-famas.com.ar\/camaras-frigorificas-desverdizado-de-frutas\/wp-json\/wp\/v2\/users\/1"}],"replies":[{"embeddable":true,"href":"http:\/\/www.refrigeracion-famas.com.ar\/camaras-frigorificas-desverdizado-de-frutas\/wp-json\/wp\/v2\/comments?post=136"}],"version-history":[{"count":1,"href":"http:\/\/www.refrigeracion-famas.com.ar\/camaras-frigorificas-desverdizado-de-frutas\/wp-json\/wp\/v2\/pages\/136\/revisions"}],"predecessor-version":[{"id":230,"href":"http:\/\/www.refrigeracion-famas.com.ar\/camaras-frigorificas-desverdizado-de-frutas\/wp-json\/wp\/v2\/pages\/136\/revisions\/230"}],"up":[{"embeddable":true,"href":"http:\/\/www.refrigeracion-famas.com.ar\/camaras-frigorificas-desverdizado-de-frutas\/wp-json\/wp\/v2\/pages\/49"}],"wp:attachment":[{"href":"http:\/\/www.refrigeracion-famas.com.ar\/camaras-frigorificas-desverdizado-de-frutas\/wp-json\/wp\/v2\/media?parent=136"}],"curies":[{"name":"wp","href":"https:\/\/api.w.org\/{rel}","templated":true}]}}