{"id":172,"date":"2017-03-23T13:49:57","date_gmt":"2017-03-23T13:49:57","guid":{"rendered":"http:\/\/www.refrigeracion-famas.com.ar\/camaras-frigorificas-desverdizado-de-frutas\/?page_id=172"},"modified":"2017-03-29T17:42:09","modified_gmt":"2017-03-29T17:42:09","slug":"desverdizado-de-citrus","status":"publish","type":"page","link":"http:\/\/www.refrigeracion-famas.com.ar\/camaras-frigorificas-desverdizado-de-frutas\/desverdizado-de-citrus-pimientos-bananas-etc\/desverdizado-de-citrus\/","title":{"rendered":"Desverdizado de citrus"},"content":{"rendered":"<p>El desverdizado de citrus es un proceso que se le realiza a la fruta en c\u00e1maras de refrigeraci\u00f3n \u2013 calefacci\u00f3n por el cual se acelera el viraje del color verde oscuro al color natural del citrus, ya sea anaranjado intenso en la naranja, amarillo en el lim\u00f3n, etc.- Este proceso, que durar\u00eda mas de un mes si se realizara en la planta, var\u00eda entre 24 y 72 hs de acuerdo al grado de desverdizado con que se ingrese.-<\/p>\n<p>Para realizar un correcto desverdizado de citrus se deben controlar varios par\u00e1metros como temperatura, concentraciones de Etileno y CO2 y Humedad relativa ambiente.-<br \/>\nLa temperatura debe controlarse en alrededor de los 18\u00baC \/ 20\u00baC y para ello las c\u00e1maras de desverdizado de citrus deben realizarse con equipos de refrigeraci\u00f3n y de calefacci\u00f3n.- Los equipos de refrigeraci\u00f3n que proveemos son similares a los de nuestras c\u00e1maras frigor\u00edficas y su dimensionamiento depende del volumen de la c\u00e1mara y fundamentalmente del ingreso diario de mercader\u00eda.- Lo mismo para el dimensionamiento de los equipos de calefacci\u00f3n, los cuales pueden ser a electricidad o a gas natural envasado o de red.-<\/p>\n<p>Los sistemas de Humectaci\u00f3n proveen aproximadamente 85 \/ 90 % de Humedad relativa ambiente y se pueden realizar con 2 sistemas distintos, uno es Humidificaci\u00f3n centr\u00edfuga, que atomiza el agua en una fina llovizna, sin gotas, y el otro Humidificaci\u00f3n por vapor de agua a trav\u00e9s de resistencias el\u00e9ctricas, ambos con sensores de Humedad con rango de 0 a 100 %.-<\/p>\n<p>El Sistema de Control de Etileno consiste en un sensor de Etileno que detecta la concentraci\u00f3n de este gas en el ambiente y permite o no el ingreso del gas de acuerdo a la concentraci\u00f3n en partes por mill\u00f3n (ppm) a la que se regule el control de comando (individual o P.L.C.).-<br \/>\nEl Sistema de Control de CO2 consiste en un sensor de CO2 que detecta la concentraci\u00f3n de este gas en el ambiente y env\u00eda la se\u00f1al a un sistema de extracci\u00f3n del aire, que consiste en uno o varios motoventiladores con persianas que generan una corriente que extrae el aire con elevada concentraci\u00f3n de CO2 y permite que ingrese aire exterior con ox\u00edgeno para que la fruta pueda respirar.- Estos funcionan o no de acuerdo a la concentraci\u00f3n en partes por mill\u00f3n (ppm) a la que se regule el control de comando (individual o P.L.C.).-<\/p>\n<p>Todo este sistema de Desverdizado de C\u00edtrus es totalmente automatizado y se puede realizar con comandos individuales o con un P.L.C..- Adem\u00e1s, en caso de ser requerido, se puede proporcionar un programa para PC de registro permanente de los par\u00e1metros de Temperatura, Humedad, Etileno y CO2, el cual es individual y sirve para una o varias c\u00e1maras.-<\/p>\n<p>En <strong>FAMAS S.R.L<\/strong> proyectamos, dirigimos, fabricamos y ejecutamos C\u00e1maras Frigor\u00edficas y de Desverdizado para C\u00edtricos.-<\/p>\n<p><img loading=\"lazy\" class=\"alignnone size-full wp-image-173\" src=\"http:\/\/www.refrigeracion-famas.com.ar\/camaras-frigorificas-desverdizado-de-frutas\/wp-content\/uploads\/2017\/03\/bananos.jpg\" alt=\"\" width=\"180\" height=\"135\" \/>\u00a0 \u00a0<img loading=\"lazy\" class=\"alignnone size-full wp-image-174\" src=\"http:\/\/www.refrigeracion-famas.com.ar\/camaras-frigorificas-desverdizado-de-frutas\/wp-content\/uploads\/2017\/03\/citrico2.jpg\" alt=\"\" width=\"154\" height=\"135\" \/><\/p>\n<p>&nbsp;<\/p>\n<p><a href=\"http:\/\/www.refrigeracion-famas.com.ar\/camaras-frigorificas-desverdizado-de-frutas\/desverdizado-de-citrus-pimientos-bananas-etc\/\">&lt;&lt; Volver<\/a><\/p>\n<p>&nbsp;<\/p>\n<p>&nbsp;<\/p>\n","protected":false},"excerpt":{"rendered":"<p>El desverdizado de citrus es un proceso que se le realiza a la fruta en c\u00e1maras de refrigeraci\u00f3n \u2013 calefacci\u00f3n<\/p>\n","protected":false},"author":1,"featured_media":0,"parent":57,"menu_order":0,"comment_status":"closed","ping_status":"closed","template":"","meta":{"_et_pb_use_builder":"","_et_pb_old_content":""},"_links":{"self":[{"href":"http:\/\/www.refrigeracion-famas.com.ar\/camaras-frigorificas-desverdizado-de-frutas\/wp-json\/wp\/v2\/pages\/172"}],"collection":[{"href":"http:\/\/www.refrigeracion-famas.com.ar\/camaras-frigorificas-desverdizado-de-frutas\/wp-json\/wp\/v2\/pages"}],"about":[{"href":"http:\/\/www.refrigeracion-famas.com.ar\/camaras-frigorificas-desverdizado-de-frutas\/wp-json\/wp\/v2\/types\/page"}],"author":[{"embeddable":true,"href":"http:\/\/www.refrigeracion-famas.com.ar\/camaras-frigorificas-desverdizado-de-frutas\/wp-json\/wp\/v2\/users\/1"}],"replies":[{"embeddable":true,"href":"http:\/\/www.refrigeracion-famas.com.ar\/camaras-frigorificas-desverdizado-de-frutas\/wp-json\/wp\/v2\/comments?post=172"}],"version-history":[{"count":1,"href":"http:\/\/www.refrigeracion-famas.com.ar\/camaras-frigorificas-desverdizado-de-frutas\/wp-json\/wp\/v2\/pages\/172\/revisions"}],"predecessor-version":[{"id":236,"href":"http:\/\/www.refrigeracion-famas.com.ar\/camaras-frigorificas-desverdizado-de-frutas\/wp-json\/wp\/v2\/pages\/172\/revisions\/236"}],"up":[{"embeddable":true,"href":"http:\/\/www.refrigeracion-famas.com.ar\/camaras-frigorificas-desverdizado-de-frutas\/wp-json\/wp\/v2\/pages\/57"}],"wp:attachment":[{"href":"http:\/\/www.refrigeracion-famas.com.ar\/camaras-frigorificas-desverdizado-de-frutas\/wp-json\/wp\/v2\/media?parent=172"}],"curies":[{"name":"wp","href":"https:\/\/api.w.org\/{rel}","templated":true}]}}