{"id":12,"date":"2017-01-06T19:13:49","date_gmt":"2017-01-06T19:13:49","guid":{"rendered":"http:\/\/www.refrigeracion-famas.com.ar\/camaras-frigorificas-desverdizado-de-frutas\/?page_id=12"},"modified":"2022-10-28T20:11:00","modified_gmt":"2022-10-28T20:11:00","slug":"contacto","status":"publish","type":"page","link":"https:\/\/www.refrigeracion-famas.com.ar\/camaras-frigorificas-desverdizado-de-frutas\/contacto\/","title":{"rendered":"Contacto"},"content":{"rendered":"<p><strong>FAMAS SRL<\/strong><\/p>\n<p><strong>F\u00e1brica y Administraci\u00f3n<\/strong><br \/>\nM.J.D. La Torre 1725<br \/>\n(2800) Z\u00e1rate<br \/>\nProvincia de Buenos Aires<\/p>\n<p><strong>Tel Celular<\/strong><br \/>\n<img loading=\"lazy\" class=\"alignnone size-full wp-image-290\" src=\"http:\/\/www.refrigeracion-famas.com.ar\/camaras-frigorificas-desverdizado-de-frutas\/wp-content\/uploads\/2022\/10\/WHAS.png\" alt=\"\" width=\"30\" height=\"29\" \/> 54 9 3487 51-6365<\/p>\n<p><strong>E-mails<\/strong><br \/>\n<a href=\"mailto:info@refrigeracion-famas.com.ar\">info@refrigeracion-famas.com.ar<\/a><\/p>\n<p>&nbsp;<\/p>\n<p>&nbsp;<\/p>\n<p>&nbsp;<\/p>\n<p>&nbsp;<\/p>\n","protected":false},"excerpt":{"rendered":"<p>FAMAS SRL F\u00e1brica y Administraci\u00f3n M.J.D. La Torre 1725 (2800) Z\u00e1rate Provincia de Buenos Aires Tel Celular 54 9 3487<\/p>\n","protected":false},"author":1,"featured_media":0,"parent":0,"menu_order":0,"comment_status":"closed","ping_status":"closed","template":"","meta":{"_et_pb_use_builder":"","_et_pb_old_content":""},"_links":{"self":[{"href":"https:\/\/www.refrigeracion-famas.com.ar\/camaras-frigorificas-desverdizado-de-frutas\/wp-json\/wp\/v2\/pages\/12"}],"collection":[{"href":"https:\/\/www.refrigeracion-famas.com.ar\/camaras-frigorificas-desverdizado-de-frutas\/wp-json\/wp\/v2\/pages"}],"about":[{"href":"https:\/\/www.refrigeracion-famas.com.ar\/camaras-frigorificas-desverdizado-de-frutas\/wp-json\/wp\/v2\/types\/page"}],"author":[{"embeddable":true,"href":"https:\/\/www.refrigeracion-famas.com.ar\/camaras-frigorificas-desverdizado-de-frutas\/wp-json\/wp\/v2\/users\/1"}],"replies":[{"embeddable":true,"href":"https:\/\/www.refrigeracion-famas.com.ar\/camaras-frigorificas-desverdizado-de-frutas\/wp-json\/wp\/v2\/comments?post=12"}],"version-history":[{"count":4,"href":"https:\/\/www.refrigeracion-famas.com.ar\/camaras-frigorificas-desverdizado-de-frutas\/wp-json\/wp\/v2\/pages\/12\/revisions"}],"predecessor-version":[{"id":292,"href":"https:\/\/www.refrigeracion-famas.com.ar\/camaras-frigorificas-desverdizado-de-frutas\/wp-json\/wp\/v2\/pages\/12\/revisions\/292"}],"wp:attachment":[{"href":"https:\/\/www.refrigeracion-famas.com.ar\/camaras-frigorificas-desverdizado-de-frutas\/wp-json\/wp\/v2\/media?parent=12"}],"curies":[{"name":"wp","href":"https:\/\/api.w.org\/{rel}","templated":true}]}}