{"id":14,"date":"2017-01-06T19:14:44","date_gmt":"2017-01-06T19:14:44","guid":{"rendered":"http:\/\/www.refrigeracion-famas.com.ar\/camaras-frigorificas-desverdizado-de-frutas\/?page_id=14"},"modified":"2017-03-29T17:46:15","modified_gmt":"2017-03-29T17:46:15","slug":"productos","status":"publish","type":"page","link":"https:\/\/www.refrigeracion-famas.com.ar\/camaras-frigorificas-desverdizado-de-frutas\/productos\/","title":{"rendered":"Productos"},"content":{"rendered":"<p><strong>FAMAS S.R.L<\/strong>. fabrica, provee e instala c\u00e1maras frigor\u00edficas modulares para mantenimiento y para enfriamiento de productos frescos o congelados como frutas, verduras, hortalizas, carnes, pescados, aves, l\u00e1cteos, fiambres, quesos, helados, hielo, flores, Unidades de fr\u00edo industriales y comerciales, Compresores herm\u00e9ticos y semi\u2013herm\u00e9ticos, Unidades individuales y centrales de fr\u00edo, Alto porcentaje de Humedad Relativa Ambiente para los productos frescos que lo requieren, Evaporadores, Condensadores, Tableros El\u00e9ctricos, paneler\u00eda modular en Poliestireno o Poliuretano expandido, en diferentes espesores, para c\u00e1maras frigor\u00edficas, salas de proceso, tabiques divisorios, cielorrasos, Puertas frigor\u00edficas corredizas y de rebatir, Troneras, Cortinas, T\u00faneles Californianos de presi\u00f3n, tradicionales, para enfriamiento r\u00e1pido, T\u00faneles de congelado continuo I.Q.F. Congelado por lecho flu\u00eddo, desde 500 kg\/h para los mas variados productos, en dos secciones de congelaci\u00f3n, Desverdizado a gas o corriente el\u00e9ctrica para C\u00edtricos; Pimientos; Bananas, Sistema base \u2013 Sistema de Humectaci\u00f3n Autom\u00e1tica \u2013 Sistema de Renovaci\u00f3n de Aire Autom\u00e1tico \u2013 Sistema de detecci\u00f3n de CO2 \u2013 Sistema de inyecci\u00f3n autom\u00e1tico de Etileno.<\/p>\n<p>&nbsp;<\/p>\n<p>&nbsp;<\/p>\n<p>&nbsp;<\/p>\n","protected":false},"excerpt":{"rendered":"<p>FAMAS S.R.L. fabrica, provee e instala c\u00e1maras frigor\u00edficas modulares para mantenimiento y para enfriamiento de productos frescos o congelados como<\/p>\n","protected":false},"author":1,"featured_media":0,"parent":0,"menu_order":0,"comment_status":"closed","ping_status":"closed","template":"","meta":{"_et_pb_use_builder":"","_et_pb_old_content":""},"_links":{"self":[{"href":"https:\/\/www.refrigeracion-famas.com.ar\/camaras-frigorificas-desverdizado-de-frutas\/wp-json\/wp\/v2\/pages\/14"}],"collection":[{"href":"https:\/\/www.refrigeracion-famas.com.ar\/camaras-frigorificas-desverdizado-de-frutas\/wp-json\/wp\/v2\/pages"}],"about":[{"href":"https:\/\/www.refrigeracion-famas.com.ar\/camaras-frigorificas-desverdizado-de-frutas\/wp-json\/wp\/v2\/types\/page"}],"author":[{"embeddable":true,"href":"https:\/\/www.refrigeracion-famas.com.ar\/camaras-frigorificas-desverdizado-de-frutas\/wp-json\/wp\/v2\/users\/1"}],"replies":[{"embeddable":true,"href":"https:\/\/www.refrigeracion-famas.com.ar\/camaras-frigorificas-desverdizado-de-frutas\/wp-json\/wp\/v2\/comments?post=14"}],"version-history":[{"count":1,"href":"https:\/\/www.refrigeracion-famas.com.ar\/camaras-frigorificas-desverdizado-de-frutas\/wp-json\/wp\/v2\/pages\/14\/revisions"}],"predecessor-version":[{"id":240,"href":"https:\/\/www.refrigeracion-famas.com.ar\/camaras-frigorificas-desverdizado-de-frutas\/wp-json\/wp\/v2\/pages\/14\/revisions\/240"}],"wp:attachment":[{"href":"https:\/\/www.refrigeracion-famas.com.ar\/camaras-frigorificas-desverdizado-de-frutas\/wp-json\/wp\/v2\/media?parent=14"}],"curies":[{"name":"wp","href":"https:\/\/api.w.org\/{rel}","templated":true}]}}