{"id":59,"date":"2017-01-06T20:09:49","date_gmt":"2017-01-06T20:09:49","guid":{"rendered":"http:\/\/www.refrigeracion-famas.com.ar\/camaras-frigorificas-desverdizado-de-frutas\/?page_id=59"},"modified":"2017-03-29T17:47:41","modified_gmt":"2017-03-29T17:47:41","slug":"puertas-frigorificas","status":"publish","type":"page","link":"https:\/\/www.refrigeracion-famas.com.ar\/camaras-frigorificas-desverdizado-de-frutas\/puertas-frigorificas\/","title":{"rendered":"Puertas Frigor\u00edficas"},"content":{"rendered":"<p><strong>FAMAS S.R.L.<\/strong> es una PyME argentina con 30 a\u00f1os de trayectoria en el rubro de la refrigeraci\u00f3n comercial e industrial. Se trata de una empresa familiar especializada en la provisi\u00f3n de equipos frigor\u00edficos para compa\u00f1\u00edas vinculadas con el mercado de las frutas y verduras instaladas principalmente en la zona del norte de la provincia de Buenos Aires y Sur de las provincias de Entre R\u00edos y Santa Fe.<\/p>\n<p>&nbsp;<\/p>\n<p><img loading=\"lazy\" class=\"alignnone size-full wp-image-181\" src=\"http:\/\/www.refrigeracion-famas.com.ar\/camaras-frigorificas-desverdizado-de-frutas\/wp-content\/uploads\/2017\/03\/puerta2.jpg\" alt=\"\" width=\"147\" height=\"179\" \/>\u00a0 \u00a0<img loading=\"lazy\" class=\"alignnone size-full wp-image-180\" src=\"http:\/\/www.refrigeracion-famas.com.ar\/camaras-frigorificas-desverdizado-de-frutas\/wp-content\/uploads\/2017\/03\/puerta1.jpg\" alt=\"\" width=\"237\" height=\"179\" \/>\u00a0 \u00a0<img loading=\"lazy\" class=\"alignnone wp-image-179\" src=\"http:\/\/www.refrigeracion-famas.com.ar\/camaras-frigorificas-desverdizado-de-frutas\/wp-content\/uploads\/2017\/03\/peurta3.jpg\" alt=\"\" width=\"260\" height=\"179\" srcset=\"https:\/\/www.refrigeracion-famas.com.ar\/camaras-frigorificas-desverdizado-de-frutas\/wp-content\/uploads\/2017\/03\/peurta3.jpg 237w, https:\/\/www.refrigeracion-famas.com.ar\/camaras-frigorificas-desverdizado-de-frutas\/wp-content\/uploads\/2017\/03\/peurta3-130x90.jpg 130w\" sizes=\"(max-width: 260px) 100vw, 260px\" \/><\/p>\n<p>&nbsp;<\/p>\n<p>&nbsp;<\/p>\n<p>&nbsp;<\/p>\n<p>&nbsp;<\/p>\n<p>&nbsp;<\/p>\n","protected":false},"excerpt":{"rendered":"<p>FAMAS S.R.L. es una PyME argentina con 30 a\u00f1os de trayectoria en el rubro de la refrigeraci\u00f3n comercial e industrial.<\/p>\n","protected":false},"author":1,"featured_media":0,"parent":0,"menu_order":0,"comment_status":"closed","ping_status":"closed","template":"","meta":{"_et_pb_use_builder":"","_et_pb_old_content":""},"_links":{"self":[{"href":"https:\/\/www.refrigeracion-famas.com.ar\/camaras-frigorificas-desverdizado-de-frutas\/wp-json\/wp\/v2\/pages\/59"}],"collection":[{"href":"https:\/\/www.refrigeracion-famas.com.ar\/camaras-frigorificas-desverdizado-de-frutas\/wp-json\/wp\/v2\/pages"}],"about":[{"href":"https:\/\/www.refrigeracion-famas.com.ar\/camaras-frigorificas-desverdizado-de-frutas\/wp-json\/wp\/v2\/types\/page"}],"author":[{"embeddable":true,"href":"https:\/\/www.refrigeracion-famas.com.ar\/camaras-frigorificas-desverdizado-de-frutas\/wp-json\/wp\/v2\/users\/1"}],"replies":[{"embeddable":true,"href":"https:\/\/www.refrigeracion-famas.com.ar\/camaras-frigorificas-desverdizado-de-frutas\/wp-json\/wp\/v2\/comments?post=59"}],"version-history":[{"count":1,"href":"https:\/\/www.refrigeracion-famas.com.ar\/camaras-frigorificas-desverdizado-de-frutas\/wp-json\/wp\/v2\/pages\/59\/revisions"}],"predecessor-version":[{"id":241,"href":"https:\/\/www.refrigeracion-famas.com.ar\/camaras-frigorificas-desverdizado-de-frutas\/wp-json\/wp\/v2\/pages\/59\/revisions\/241"}],"wp:attachment":[{"href":"https:\/\/www.refrigeracion-famas.com.ar\/camaras-frigorificas-desverdizado-de-frutas\/wp-json\/wp\/v2\/media?parent=59"}],"curies":[{"name":"wp","href":"https:\/\/api.w.org\/{rel}","templated":true}]}}