{"id":8,"date":"2017-01-06T19:12:17","date_gmt":"2017-01-06T19:12:17","guid":{"rendered":"http:\/\/www.refrigeracion-famas.com.ar\/camaras-frigorificas-desverdizado-de-frutas\/?page_id=8"},"modified":"2017-07-25T13:46:46","modified_gmt":"2017-07-25T13:46:46","slug":"servicios","status":"publish","type":"page","link":"https:\/\/www.refrigeracion-famas.com.ar\/camaras-frigorificas-desverdizado-de-frutas\/servicios\/","title":{"rendered":"Servicios"},"content":{"rendered":"<p>Somos una empresa argentina cuyo objetivo es el de asesorar, proyectar y construir obras frigor\u00edficas y de desverdizado de variada complejidad para una gran variedad de rubros vinculados a la producci\u00f3n agr\u00edcola ganadera.<br \/>\nAdem\u00e1s de los servicios antes citados, <strong>FAMAS SRL<\/strong> ofrece el servicio de mantenimiento y service t\u00e9cnico. Este servicio se brinda a los equipos de fabricaci\u00f3n propia y cuenta con una garant\u00eda de buen funcionamiento.<\/p>\n<p><strong>FAMAS S.R.L.<\/strong> es una PyME argentina con 40 a\u00f1os de trayectoria en el rubro de la refrigeraci\u00f3n comercial e industrial cuyo objetivo es el de asesorar, proyectar y construir obras frigor\u00edficas y de desverdizado de variada complejidad para una gran variedad de rubros vinculados a la producci\u00f3n agr\u00edcola ganadera, como por ejemplo:<\/p>\n<p><strong>Productores de:<\/strong><\/p>\n<p>\u2022 Ar\u00e1ndanos, frutillas y otros berries<br \/>\n\u2022 Duraznos y otras frutas de carozos<br \/>\n\u2022 C\u00edtricos\u2022 bananas\u2022 verduras de hojas<br \/>\n\u2022 Tomates, pimientos y otras hortalizas<br \/>\n\u2022 Carnes vacunas, de cerdo, de pollo y otras aves<br \/>\n\u2022 Y cualquier otro producto que requiera de fr\u00edo tales como flores, helados, congelados, ultracongelados, etc.<\/p>\n<p>&nbsp;<\/p>\n<p>&nbsp;<\/p>\n<p>&nbsp;<\/p>\n","protected":false},"excerpt":{"rendered":"<p>Somos una empresa argentina cuyo objetivo es el de asesorar, proyectar y construir obras frigor\u00edficas y de desverdizado de variada<\/p>\n","protected":false},"author":1,"featured_media":0,"parent":0,"menu_order":0,"comment_status":"closed","ping_status":"closed","template":"","meta":{"_et_pb_use_builder":"","_et_pb_old_content":""},"_links":{"self":[{"href":"https:\/\/www.refrigeracion-famas.com.ar\/camaras-frigorificas-desverdizado-de-frutas\/wp-json\/wp\/v2\/pages\/8"}],"collection":[{"href":"https:\/\/www.refrigeracion-famas.com.ar\/camaras-frigorificas-desverdizado-de-frutas\/wp-json\/wp\/v2\/pages"}],"about":[{"href":"https:\/\/www.refrigeracion-famas.com.ar\/camaras-frigorificas-desverdizado-de-frutas\/wp-json\/wp\/v2\/types\/page"}],"author":[{"embeddable":true,"href":"https:\/\/www.refrigeracion-famas.com.ar\/camaras-frigorificas-desverdizado-de-frutas\/wp-json\/wp\/v2\/users\/1"}],"replies":[{"embeddable":true,"href":"https:\/\/www.refrigeracion-famas.com.ar\/camaras-frigorificas-desverdizado-de-frutas\/wp-json\/wp\/v2\/comments?post=8"}],"version-history":[{"count":5,"href":"https:\/\/www.refrigeracion-famas.com.ar\/camaras-frigorificas-desverdizado-de-frutas\/wp-json\/wp\/v2\/pages\/8\/revisions"}],"predecessor-version":[{"id":257,"href":"https:\/\/www.refrigeracion-famas.com.ar\/camaras-frigorificas-desverdizado-de-frutas\/wp-json\/wp\/v2\/pages\/8\/revisions\/257"}],"wp:attachment":[{"href":"https:\/\/www.refrigeracion-famas.com.ar\/camaras-frigorificas-desverdizado-de-frutas\/wp-json\/wp\/v2\/media?parent=8"}],"curies":[{"name":"wp","href":"https:\/\/api.w.org\/{rel}","templated":true}]}}