{"id":120,"date":"2022-05-30T14:05:57","date_gmt":"2022-05-30T14:05:57","guid":{"rendered":"https:\/\/www.refrigeracion-famas.com.ar\/camaras-frigorificas-tuneles-de-refrigeracion\/?page_id=120"},"modified":"2022-10-28T19:30:08","modified_gmt":"2022-10-28T19:30:08","slug":"productos","status":"publish","type":"page","link":"https:\/\/www.refrigeracion-famas.com.ar\/camaras-frigorificas-tuneles-de-refrigeracion\/productos\/","title":{"rendered":"Productos"},"content":{"rendered":"<p>[et_pb_section fb_built=\u00bb1&#8243; _builder_version=\u00bb4.17.0&#8243; _module_preset=\u00bbdefault\u00bb custom_padding=\u00bb||46px|||\u00bb top_divider_style=\u00bbslant2&#8243; top_divider_color=\u00bb#666666&#8243; global_colors_info=\u00bb{}\u00bb][et_pb_row _builder_version=\u00bb4.17.0&#8243; _module_preset=\u00bbdefault\u00bb custom_margin=\u00bb-66px|auto||auto||\u00bb global_colors_info=\u00bb{}\u00bb][et_pb_column type=\u00bb4_4&#8243; _builder_version=\u00bb4.17.0&#8243; _module_preset=\u00bbdefault\u00bb global_colors_info=\u00bb{}\u00bb][et_pb_text _builder_version=\u00bb4.17.0&#8243; _module_preset=\u00bbdefault\u00bb text_font=\u00bbBlinker|700|||||||\u00bb text_text_color=\u00bb#FFFFFF\u00bb text_font_size=\u00bb35px\u00bb global_colors_info=\u00bb{}\u00bb]<\/p>\n<p style=\"text-align: right;\">Productos<\/p>\n<p>[\/et_pb_text][\/et_pb_column][\/et_pb_row][\/et_pb_section][et_pb_section fb_built=\u00bb1&#8243; _builder_version=\u00bb4.17.0&#8243; _module_preset=\u00bbdefault\u00bb custom_padding=\u00bb6px||9px|||\u00bb global_colors_info=\u00bb{}\u00bb][et_pb_row _builder_version=\u00bb4.17.0&#8243; _module_preset=\u00bbdefault\u00bb custom_padding=\u00bb5px|||||\u00bb global_colors_info=\u00bb{}\u00bb][et_pb_column type=\u00bb4_4&#8243; _builder_version=\u00bb4.17.0&#8243; _module_preset=\u00bbdefault\u00bb global_colors_info=\u00bb{}\u00bb][et_pb_text _builder_version=\u00bb4.17.0&#8243; _module_preset=\u00bbdefault\u00bb text_font_size=\u00bb16px\u00bb text_line_height=\u00bb1.6em\u00bb text_orientation=\u00bbjustified\u00bb global_colors_info=\u00bb{}\u00bb]<\/p>\n<p>FAMAS S.R.L. fabrica, provee e instala c\u00e1maras frigor\u00edficas modulares para mantenimiento y para enfriamiento de productos frescos o congelados como frutas, verduras, hortalizas, carnes, pescados, aves, l\u00e1cteos, fiambres, quesos, helados, hielo, flores, Unidades de fr\u00edo industriales y comerciales, Compresores herm\u00e9ticos y semi\u2013herm\u00e9ticos, Unidades individuales y centrales de fr\u00edo, Alto porcentaje de Humedad Relativa Ambiente para los productos frescos que lo requieren, Evaporadores, Condensadores, Tableros El\u00e9ctricos, paneler\u00eda modular en Poliestireno o Poliuretano expandido, en diferentes espesores, para c\u00e1maras frigor\u00edficas, salas de proceso, tabiques divisorios, cielorrasos, Puertas frigor\u00edficas corredizas y de rebatir, Troneras, Cortinas, T\u00faneles Californianos de presi\u00f3n, tradicionales, para enfriamiento r\u00e1pido, T\u00faneles de congelado continuo I.Q.F. Congelado por lecho flu\u00eddo, desde 500 kg\/h para los mas variados productos, en dos secciones de congelaci\u00f3n, Desverdizado a gas o corriente el\u00e9ctrica para C\u00edtricos; Pimientos; Bananas, Sistema base \u2013 Sistema de Humectaci\u00f3n Autom\u00e1tica \u2013 Sistema de Renovaci\u00f3n de Aire Autom\u00e1tico \u2013 Sistema de detecci\u00f3n de CO2 \u2013 Sistema de inyecci\u00f3n autom\u00e1tico de Etileno.<\/p>\n<p>[\/et_pb_text][\/et_pb_column][\/et_pb_row][\/et_pb_section][et_pb_section fb_built=\u00bb1&#8243; _builder_version=\u00bb4.17.0&#8243; _module_preset=\u00bbdefault\u00bb custom_padding=\u00bb1px||122px|||\u00bb global_colors_info=\u00bb{}\u00bb][et_pb_row column_structure=\u00bb1_2,1_2&#8243; use_custom_gutter=\u00bbon\u00bb gutter_width=\u00bb4&#8243; _builder_version=\u00bb4.17.0&#8243; _module_preset=\u00bbdefault\u00bb width=\u00bb68%\u00bb global_colors_info=\u00bb{}\u00bb][et_pb_column type=\u00bb1_2&#8243; _builder_version=\u00bb4.17.0&#8243; _module_preset=\u00bbdefault\u00bb global_colors_info=\u00bb{}\u00bb][et_pb_image src=\u00bbhttps:\/\/www.refrigeracion-famas.com.ar\/camaras-frigorificas-tuneles-de-refrigeracion\/wp-content\/uploads\/2022\/06\/a.jpg\u00bb title_text=\u00bbcamaras\u00bb url=\u00bbhttps:\/\/www.refrigeracion-famas.com.ar\/camaras-frigorificas-tuneles-de-refrigeracion\/productos\/camaras\u00bb _builder_version=\u00bb4.17.0&#8243; _module_preset=\u00bbdefault\u00bb custom_margin=\u00bb||13px|||\u00bb border_radii=\u00bbon|10px|10px|10px|10px\u00bb box_shadow_style=\u00bbpreset1&#8243; global_colors_info=\u00bb{}\u00bb][\/et_pb_image][et_pb_text _builder_version=\u00bb4.17.0&#8243; _module_preset=\u00bbdefault\u00bb text_font=\u00bb|700|||||||\u00bb text_text_color=\u00bb#FFFFFF\u00bb text_font_size=\u00bb18px\u00bb background_color=\u00bb#f21952&#8243; text_orientation=\u00bbcenter\u00bb min_height=\u00bb78.8px\u00bb custom_padding=\u00bb20px||20px||false|false\u00bb link_option_url=\u00bbhttps:\/\/www.refrigeracion-famas.com.ar\/camaras-frigorificas-tuneles-de-refrigeracion\/productos\/camaras\u00bb hover_enabled=\u00bb0&#8243; border_radii=\u00bbon|10px|10px|10px|10px\u00bb global_colors_info=\u00bb{}\u00bb sticky_enabled=\u00bb0&#8243;]<\/p>\n<p>C\u00e1maras frigor\u00edficas<\/p>\n<p>[\/et_pb_text][\/et_pb_column][et_pb_column type=\u00bb1_2&#8243; _builder_version=\u00bb4.17.0&#8243; _module_preset=\u00bbdefault\u00bb global_colors_info=\u00bb{}\u00bb][et_pb_image src=\u00bbhttps:\/\/www.refrigeracion-famas.com.ar\/camaras-frigorificas-tuneles-de-refrigeracion\/wp-content\/uploads\/2022\/06\/tuneles-home.jpg\u00bb title_text=\u00bbtuneles-home\u00bb url=\u00bbhttps:\/\/www.refrigeracion-famas.com.ar\/camaras-frigorificas-tuneles-de-refrigeracion\/productos\/tuneles\/\u00bb _builder_version=\u00bb4.17.0&#8243; _module_preset=\u00bbdefault\u00bb custom_margin=\u00bb||15px|||\u00bb border_radii=\u00bbon|10px|10px|10px|10px\u00bb box_shadow_style=\u00bbpreset1&#8243; global_colors_info=\u00bb{}\u00bb][\/et_pb_image][et_pb_text _builder_version=\u00bb4.17.0&#8243; _module_preset=\u00bbdefault\u00bb text_font=\u00bb|700|||||||\u00bb text_text_color=\u00bb#FFFFFF\u00bb text_font_size=\u00bb18px\u00bb background_color=\u00bb#f21952&#8243; text_orientation=\u00bbcenter\u00bb min_height=\u00bb78.8px\u00bb custom_padding=\u00bb20px||20px||false|false\u00bb link_option_url=\u00bbhttps:\/\/www.refrigeracion-famas.com.ar\/camaras-frigorificas-tuneles-de-refrigeracion\/productos\/tuneles\/\u00bb border_radii=\u00bbon|10px|10px|10px|10px\u00bb global_colors_info=\u00bb{}\u00bb]<\/p>\n<p>T\u00faneles de refrigeraci\u00f3n<\/p>\n<p>[\/et_pb_text][\/et_pb_column][\/et_pb_row][\/et_pb_section]<\/p>\n","protected":false},"excerpt":{"rendered":"<p>ProductosFAMAS S.R.L. fabrica, provee e instala c\u00e1maras frigor\u00edficas modulares para mantenimiento y para enfriamiento de productos frescos o congelados como frutas, verduras, hortalizas, carnes, pescados, aves, l\u00e1cteos, fiambres, quesos, helados, hielo, flores, Unidades de fr\u00edo industriales y comerciales, Compresores herm\u00e9ticos y semi\u2013herm\u00e9ticos, Unidades individuales y centrales de fr\u00edo, Alto porcentaje de Humedad Relativa Ambiente para [&hellip;]<\/p>\n","protected":false},"author":1,"featured_media":0,"parent":0,"menu_order":0,"comment_status":"closed","ping_status":"closed","template":"","meta":{"_et_pb_use_builder":"on","_et_pb_old_content":"","_et_gb_content_width":"","footnotes":""},"class_list":["post-120","page","type-page","status-publish","hentry"],"aioseo_notices":[],"_links":{"self":[{"href":"https:\/\/www.refrigeracion-famas.com.ar\/camaras-frigorificas-tuneles-de-refrigeracion\/wp-json\/wp\/v2\/pages\/120","targetHints":{"allow":["GET"]}}],"collection":[{"href":"https:\/\/www.refrigeracion-famas.com.ar\/camaras-frigorificas-tuneles-de-refrigeracion\/wp-json\/wp\/v2\/pages"}],"about":[{"href":"https:\/\/www.refrigeracion-famas.com.ar\/camaras-frigorificas-tuneles-de-refrigeracion\/wp-json\/wp\/v2\/types\/page"}],"author":[{"embeddable":true,"href":"https:\/\/www.refrigeracion-famas.com.ar\/camaras-frigorificas-tuneles-de-refrigeracion\/wp-json\/wp\/v2\/users\/1"}],"replies":[{"embeddable":true,"href":"https:\/\/www.refrigeracion-famas.com.ar\/camaras-frigorificas-tuneles-de-refrigeracion\/wp-json\/wp\/v2\/comments?post=120"}],"version-history":[{"count":23,"href":"https:\/\/www.refrigeracion-famas.com.ar\/camaras-frigorificas-tuneles-de-refrigeracion\/wp-json\/wp\/v2\/pages\/120\/revisions"}],"predecessor-version":[{"id":553,"href":"https:\/\/www.refrigeracion-famas.com.ar\/camaras-frigorificas-tuneles-de-refrigeracion\/wp-json\/wp\/v2\/pages\/120\/revisions\/553"}],"wp:attachment":[{"href":"https:\/\/www.refrigeracion-famas.com.ar\/camaras-frigorificas-tuneles-de-refrigeracion\/wp-json\/wp\/v2\/media?parent=120"}],"curies":[{"name":"wp","href":"https:\/\/api.w.org\/{rel}","templated":true}]}}