{"id":252,"date":"2022-06-03T13:48:18","date_gmt":"2022-06-03T13:48:18","guid":{"rendered":"https:\/\/www.refrigeracion-famas.com.ar\/camaras-frigorificas-tuneles-de-refrigeracion\/?page_id=252"},"modified":"2022-06-03T13:51:40","modified_gmt":"2022-06-03T13:51:40","slug":"servicios","status":"publish","type":"page","link":"https:\/\/www.refrigeracion-famas.com.ar\/camaras-frigorificas-tuneles-de-refrigeracion\/servicios\/","title":{"rendered":"Servicios"},"content":{"rendered":"<p>[et_pb_section fb_built=\u00bb1&#8243; _builder_version=\u00bb4.17.0&#8243; _module_preset=\u00bbdefault\u00bb custom_padding=\u00bb||46px|||\u00bb top_divider_style=\u00bbslant2&#8243; top_divider_color=\u00bb#666666&#8243; global_colors_info=\u00bb{}\u00bb][et_pb_row _builder_version=\u00bb4.17.0&#8243; _module_preset=\u00bbdefault\u00bb custom_margin=\u00bb-66px|auto||auto||\u00bb global_colors_info=\u00bb{}\u00bb][et_pb_column type=\u00bb4_4&#8243; _builder_version=\u00bb4.17.0&#8243; _module_preset=\u00bbdefault\u00bb global_colors_info=\u00bb{}\u00bb][et_pb_text _builder_version=\u00bb4.17.0&#8243; _module_preset=\u00bbdefault\u00bb text_font=\u00bbBlinker|700|||||||\u00bb text_text_color=\u00bb#FFFFFF\u00bb text_font_size=\u00bb35px\u00bb hover_enabled=\u00bb0&#8243; global_colors_info=\u00bb{}\u00bb sticky_enabled=\u00bb0&#8243;]<\/p>\n<p style=\"text-align: right;\">Servicios<\/p>\n<p>[\/et_pb_text][\/et_pb_column][\/et_pb_row][\/et_pb_section][et_pb_section fb_built=\u00bb1&#8243; _builder_version=\u00bb4.17.0&#8243; _module_preset=\u00bbdefault\u00bb custom_padding=\u00bb1px|||||\u00bb global_colors_info=\u00bb{}\u00bb][et_pb_row column_structure=\u00bb2_3,1_3&#8243; _builder_version=\u00bb4.17.0&#8243; _module_preset=\u00bbdefault\u00bb custom_padding=\u00bb9px|||||\u00bb global_colors_info=\u00bb{}\u00bb][et_pb_column type=\u00bb2_3&#8243; _builder_version=\u00bb4.17.0&#8243; _module_preset=\u00bbdefault\u00bb global_colors_info=\u00bb{}\u00bb][et_pb_text _builder_version=\u00bb4.17.0&#8243; _module_preset=\u00bbdefault\u00bb text_font=\u00bb|700|||||||\u00bb text_font_size=\u00bb26px\u00bb text_orientation=\u00bbjustified\u00bb custom_margin=\u00bb||12px|||\u00bb hover_enabled=\u00bb0&#8243; global_colors_info=\u00bb{}\u00bb sticky_enabled=\u00bb0&#8243;]<\/p>\n<p>Nuestros Servicios<\/p>\n<p>[\/et_pb_text][et_pb_text _builder_version=\u00bb4.17.0&#8243; _module_preset=\u00bbdefault\u00bb text_orientation=\u00bbjustified\u00bb custom_margin=\u00bb||-14px|||\u00bb custom_padding=\u00bb||7px|||\u00bb hover_enabled=\u00bb0&#8243; global_colors_info=\u00bb{}\u00bb sticky_enabled=\u00bb0&#8243;]<\/p>\n<p>Somos una empresa argentina cuyo objetivo es el de asesorar, proyectar y construir obras frigor\u00edficas y de desverdizado de variada complejidad para una gran variedad de rubros vinculados a la producci\u00f3n agr\u00edcola ganadera.<br \/>Adem\u00e1s de los servicios antes citados, FAMAS SRL ofrece el servicio de mantenimiento y service t\u00e9cnico. Este servicio se brinda a los equipos de fabricaci\u00f3n propia y cuenta con una garant\u00eda de buen funcionamiento.<\/p>\n<p>FAMAS S.R.L. es una PyME argentina con 40 a\u00f1os de trayectoria en el rubro de la refrigeraci\u00f3n comercial e industrial cuyo objetivo es el de asesorar, proyectar y construir obras frigor\u00edficas y de desverdizado de variada complejidad para una gran variedad de rubros vinculados a la producci\u00f3n agr\u00edcola ganadera, como por ejemplo:<\/p>\n<p><strong>Productores de:<\/strong><\/p>\n<p>\u2022 Ar\u00e1ndanos, frutillas y otros berries<br \/>\u2022 Duraznos y otras frutas de carozos<br \/>\u2022 C\u00edtricos\u2022 bananas\u2022 verduras de hojas<br \/>\u2022 Tomates, pimientos y otras hortalizas<br \/>\u2022 Carnes vacunas, de cerdo, de pollo y otras aves<br \/>\u2022 Y cualquier otro producto que requiera de fr\u00edo tales como flores, helados, congelados, ultracongelados, etc.<\/p>\n<p>[\/et_pb_text][\/et_pb_column][et_pb_column type=\u00bb1_3&#8243; _builder_version=\u00bb4.17.0&#8243; _module_preset=\u00bbdefault\u00bb global_colors_info=\u00bb{}\u00bb][et_pb_image src=\u00bbhttps:\/\/www.refrigeracion-famas.com.ar\/camaras-frigorificas-tuneles-de-refrigeracion\/wp-content\/uploads\/2022\/05\/empresa.jpg\u00bb title_text=\u00bbempresa\u00bb _builder_version=\u00bb4.17.0&#8243; _module_preset=\u00bbdefault\u00bb custom_padding=\u00bb37px|||||\u00bb global_colors_info=\u00bb{}\u00bb][\/et_pb_image][\/et_pb_column][\/et_pb_row][\/et_pb_section]<\/p>\n","protected":false},"excerpt":{"rendered":"<p>ServiciosNuestros ServiciosSomos una empresa argentina cuyo objetivo es el de asesorar, proyectar y construir obras frigor\u00edficas y de desverdizado de variada complejidad para una gran variedad de rubros vinculados a la producci\u00f3n agr\u00edcola ganadera.Adem\u00e1s de los servicios antes citados, FAMAS SRL ofrece el servicio de mantenimiento y service t\u00e9cnico. Este servicio se brinda a los [&hellip;]<\/p>\n","protected":false},"author":1,"featured_media":0,"parent":0,"menu_order":0,"comment_status":"closed","ping_status":"closed","template":"","meta":{"_et_pb_use_builder":"on","_et_pb_old_content":"","_et_gb_content_width":"","footnotes":""},"class_list":["post-252","page","type-page","status-publish","hentry"],"aioseo_notices":[],"_links":{"self":[{"href":"https:\/\/www.refrigeracion-famas.com.ar\/camaras-frigorificas-tuneles-de-refrigeracion\/wp-json\/wp\/v2\/pages\/252","targetHints":{"allow":["GET"]}}],"collection":[{"href":"https:\/\/www.refrigeracion-famas.com.ar\/camaras-frigorificas-tuneles-de-refrigeracion\/wp-json\/wp\/v2\/pages"}],"about":[{"href":"https:\/\/www.refrigeracion-famas.com.ar\/camaras-frigorificas-tuneles-de-refrigeracion\/wp-json\/wp\/v2\/types\/page"}],"author":[{"embeddable":true,"href":"https:\/\/www.refrigeracion-famas.com.ar\/camaras-frigorificas-tuneles-de-refrigeracion\/wp-json\/wp\/v2\/users\/1"}],"replies":[{"embeddable":true,"href":"https:\/\/www.refrigeracion-famas.com.ar\/camaras-frigorificas-tuneles-de-refrigeracion\/wp-json\/wp\/v2\/comments?post=252"}],"version-history":[{"count":4,"href":"https:\/\/www.refrigeracion-famas.com.ar\/camaras-frigorificas-tuneles-de-refrigeracion\/wp-json\/wp\/v2\/pages\/252\/revisions"}],"predecessor-version":[{"id":257,"href":"https:\/\/www.refrigeracion-famas.com.ar\/camaras-frigorificas-tuneles-de-refrigeracion\/wp-json\/wp\/v2\/pages\/252\/revisions\/257"}],"wp:attachment":[{"href":"https:\/\/www.refrigeracion-famas.com.ar\/camaras-frigorificas-tuneles-de-refrigeracion\/wp-json\/wp\/v2\/media?parent=252"}],"curies":[{"name":"wp","href":"https:\/\/api.w.org\/{rel}","templated":true}]}}