{"id":283,"date":"2022-06-09T12:22:47","date_gmt":"2022-06-09T12:22:47","guid":{"rendered":"https:\/\/www.refrigeracion-famas.com.ar\/camaras-frigorificas-tuneles-de-refrigeracion\/?page_id=283"},"modified":"2022-06-09T12:50:23","modified_gmt":"2022-06-09T12:50:23","slug":"tuneles-de-refrigeracion","status":"publish","type":"page","link":"https:\/\/www.refrigeracion-famas.com.ar\/camaras-frigorificas-tuneles-de-refrigeracion\/productos\/tuneles-de-refrigeracion\/","title":{"rendered":"Tuneles de refrigeracion"},"content":{"rendered":"<p>[et_pb_section fb_built=\u00bb1&#8243; _builder_version=\u00bb4.17.0&#8243; _module_preset=\u00bbdefault\u00bb custom_padding=\u00bb||46px|||\u00bb top_divider_style=\u00bbslant2&#8243; top_divider_color=\u00bb#666666&#8243; global_colors_info=\u00bb{}\u00bb][et_pb_row _builder_version=\u00bb4.17.0&#8243; _module_preset=\u00bbdefault\u00bb custom_margin=\u00bb-66px|auto||auto||\u00bb global_colors_info=\u00bb{}\u00bb][et_pb_column type=\u00bb4_4&#8243; _builder_version=\u00bb4.17.0&#8243; _module_preset=\u00bbdefault\u00bb global_colors_info=\u00bb{}\u00bb][et_pb_text _builder_version=\u00bb4.17.0&#8243; _module_preset=\u00bbdefault\u00bb text_font=\u00bbBlinker|700|||||||\u00bb text_text_color=\u00bb#FFFFFF\u00bb text_font_size=\u00bb35px\u00bb global_colors_info=\u00bb{}\u00bb]<\/p>\n<p style=\"text-align: right;\">T\u00faneles<\/p>\n<p>[\/et_pb_text][\/et_pb_column][\/et_pb_row][\/et_pb_section][et_pb_section fb_built=\u00bb1&#8243; _builder_version=\u00bb4.17.0&#8243; _module_preset=\u00bbdefault\u00bb custom_padding=\u00bb6px||9px|||\u00bb global_colors_info=\u00bb{}\u00bb][et_pb_row _builder_version=\u00bb4.17.0&#8243; _module_preset=\u00bbdefault\u00bb custom_padding=\u00bb5px|||||\u00bb global_colors_info=\u00bb{}\u00bb][et_pb_column type=\u00bb4_4&#8243; _builder_version=\u00bb4.17.0&#8243; _module_preset=\u00bbdefault\u00bb global_colors_info=\u00bb{}\u00bb][et_pb_text _builder_version=\u00bb4.17.0&#8243; _module_preset=\u00bbdefault\u00bb text_font_size=\u00bb16px\u00bb text_line_height=\u00bb1.6em\u00bb text_orientation=\u00bbjustified\u00bb global_colors_info=\u00bb{}\u00bb]<\/p>\n<p>Procesos de enfriamiento r\u00e1pido para la industria.<br \/>El sistema consiste en congelar r\u00e1pida e individualmente la mercader\u00eda.<br \/>Para el lo se ingresa al gabinete de <em>paneles<\/em> frigor\u00edficos con una cinta transportadora y a su salida la mercader\u00eda estar\u00e1 congelada de forma individual.<br \/>El tama\u00f1o de los t\u00faneles varia seg\u00fan el tipo y cantidad de mercader\u00eda a congelar.<\/p>\n<p>[\/et_pb_text][\/et_pb_column][\/et_pb_row][\/et_pb_section][et_pb_section fb_built=\u00bb1&#8243; _builder_version=\u00bb4.17.0&#8243; _module_preset=\u00bbdefault\u00bb custom_padding=\u00bb1px||122px|||\u00bb global_colors_info=\u00bb{}\u00bb][et_pb_row column_structure=\u00bb1_2,1_2&#8243; use_custom_gutter=\u00bbon\u00bb gutter_width=\u00bb4&#8243; _builder_version=\u00bb4.17.0&#8243; _module_preset=\u00bbdefault\u00bb width=\u00bb68%\u00bb global_colors_info=\u00bb{}\u00bb][et_pb_column type=\u00bb1_2&#8243; _builder_version=\u00bb4.17.0&#8243; _module_preset=\u00bbdefault\u00bb global_colors_info=\u00bb{}\u00bb][et_pb_image src=\u00bbhttps:\/\/www.refrigeracion-famas.com.ar\/camaras-frigorificas-tuneles-de-refrigeracion\/wp-content\/uploads\/2022\/06\/tunel1.jpg\u00bb title_text=\u00bbtunel1&#8243; url=\u00bbhttps:\/\/www.refrigeracion-famas.com.ar\/camaras-frigorificas-tuneles-de-refrigeracion\/productos\/camaras\u00bb _builder_version=\u00bb4.17.0&#8243; _module_preset=\u00bbdefault\u00bb custom_margin=\u00bb||13px|||\u00bb border_radii=\u00bbon|10px|10px|10px|10px\u00bb box_shadow_style=\u00bbpreset1&#8243; global_colors_info=\u00bb{}\u00bb][\/et_pb_image][et_pb_text _builder_version=\u00bb4.17.0&#8243; _module_preset=\u00bbdefault\u00bb text_font=\u00bb|700|||||||\u00bb text_text_color=\u00bb#FFFFFF\u00bb text_font_size=\u00bb18px\u00bb background_color=\u00bb#f21952&#8243; text_orientation=\u00bbcenter\u00bb min_height=\u00bb78.8px\u00bb custom_padding=\u00bb20px||20px||false|false\u00bb link_option_url=\u00bbhttps:\/\/www.refrigeracion-famas.com.ar\/camaras-frigorificas-tuneles-de-refrigeracion\/productos\/camaras\u00bb border_radii=\u00bbon|10px|10px|10px|10px\u00bb global_colors_info=\u00bb{}\u00bb]<\/p>\n<p>T\u00faneles peque\u00f1os y medianos<\/p>\n<p>[\/et_pb_text][\/et_pb_column][et_pb_column type=\u00bb1_2&#8243; _builder_version=\u00bb4.17.0&#8243; _module_preset=\u00bbdefault\u00bb global_colors_info=\u00bb{}\u00bb][et_pb_image src=\u00bbhttps:\/\/www.refrigeracion-famas.com.ar\/camaras-frigorificas-tuneles-de-refrigeracion\/wp-content\/uploads\/2022\/06\/tunel2.jpg\u00bb title_text=\u00bbtunel2&#8243; _builder_version=\u00bb4.17.0&#8243; _module_preset=\u00bbdefault\u00bb custom_margin=\u00bb||15px|||\u00bb border_radii=\u00bbon|10px|10px|10px|10px\u00bb box_shadow_style=\u00bbpreset1&#8243; global_colors_info=\u00bb{}\u00bb][\/et_pb_image][et_pb_text _builder_version=\u00bb4.17.0&#8243; _module_preset=\u00bbdefault\u00bb text_font=\u00bb|700|||||||\u00bb text_text_color=\u00bb#FFFFFF\u00bb text_font_size=\u00bb18px\u00bb background_color=\u00bb#f21952&#8243; text_orientation=\u00bbcenter\u00bb min_height=\u00bb78.8px\u00bb custom_padding=\u00bb20px||20px||false|false\u00bb border_radii=\u00bbon|10px|10px|10px|10px\u00bb global_colors_info=\u00bb{}\u00bb]<\/p>\n<p>T\u00faneles medianos y grandes<\/p>\n<p>[\/et_pb_text][\/et_pb_column][\/et_pb_row][\/et_pb_section]<\/p>\n","protected":false},"excerpt":{"rendered":"<p>T\u00fanelesProcesos de enfriamiento r\u00e1pido para la industria.El sistema consiste en congelar r\u00e1pida e individualmente la mercader\u00eda.Para el lo se ingresa al gabinete de paneles frigor\u00edficos con una cinta transportadora y a su salida la mercader\u00eda estar\u00e1 congelada de forma individual.El tama\u00f1o de los t\u00faneles varia seg\u00fan el tipo y cantidad de mercader\u00eda a congelar.T\u00faneles peque\u00f1os [&hellip;]<\/p>\n","protected":false},"author":1,"featured_media":0,"parent":120,"menu_order":0,"comment_status":"closed","ping_status":"closed","template":"","meta":{"_et_pb_use_builder":"on","_et_pb_old_content":"","_et_gb_content_width":"","footnotes":""},"class_list":["post-283","page","type-page","status-publish","hentry"],"aioseo_notices":[],"_links":{"self":[{"href":"https:\/\/www.refrigeracion-famas.com.ar\/camaras-frigorificas-tuneles-de-refrigeracion\/wp-json\/wp\/v2\/pages\/283","targetHints":{"allow":["GET"]}}],"collection":[{"href":"https:\/\/www.refrigeracion-famas.com.ar\/camaras-frigorificas-tuneles-de-refrigeracion\/wp-json\/wp\/v2\/pages"}],"about":[{"href":"https:\/\/www.refrigeracion-famas.com.ar\/camaras-frigorificas-tuneles-de-refrigeracion\/wp-json\/wp\/v2\/types\/page"}],"author":[{"embeddable":true,"href":"https:\/\/www.refrigeracion-famas.com.ar\/camaras-frigorificas-tuneles-de-refrigeracion\/wp-json\/wp\/v2\/users\/1"}],"replies":[{"embeddable":true,"href":"https:\/\/www.refrigeracion-famas.com.ar\/camaras-frigorificas-tuneles-de-refrigeracion\/wp-json\/wp\/v2\/comments?post=283"}],"version-history":[{"count":6,"href":"https:\/\/www.refrigeracion-famas.com.ar\/camaras-frigorificas-tuneles-de-refrigeracion\/wp-json\/wp\/v2\/pages\/283\/revisions"}],"predecessor-version":[{"id":294,"href":"https:\/\/www.refrigeracion-famas.com.ar\/camaras-frigorificas-tuneles-de-refrigeracion\/wp-json\/wp\/v2\/pages\/283\/revisions\/294"}],"up":[{"embeddable":true,"href":"https:\/\/www.refrigeracion-famas.com.ar\/camaras-frigorificas-tuneles-de-refrigeracion\/wp-json\/wp\/v2\/pages\/120"}],"wp:attachment":[{"href":"https:\/\/www.refrigeracion-famas.com.ar\/camaras-frigorificas-tuneles-de-refrigeracion\/wp-json\/wp\/v2\/media?parent=283"}],"curies":[{"name":"wp","href":"https:\/\/api.w.org\/{rel}","templated":true}]}}