{"id":430,"date":"2022-06-29T19:54:17","date_gmt":"2022-06-29T19:54:17","guid":{"rendered":"https:\/\/www.refrigeracion-famas.com.ar\/camaras-frigorificas-tuneles-de-refrigeracion\/?page_id=430"},"modified":"2022-10-14T18:57:37","modified_gmt":"2022-10-14T18:57:37","slug":"tuneles-californianos","status":"publish","type":"page","link":"https:\/\/www.refrigeracion-famas.com.ar\/camaras-frigorificas-tuneles-de-refrigeracion\/productos\/tuneles\/tuneles-californianos\/","title":{"rendered":"Tuneles californianos"},"content":{"rendered":"<p>[et_pb_section fb_built=\u00bb1&#8243; _builder_version=\u00bb4.17.0&#8243; _module_preset=\u00bbdefault\u00bb custom_padding=\u00bb||40px|||\u00bb top_divider_style=\u00bbslant2&#8243; top_divider_color=\u00bb#666666&#8243; global_colors_info=\u00bb{}\u00bb][et_pb_row _builder_version=\u00bb4.17.0&#8243; _module_preset=\u00bbdefault\u00bb custom_margin=\u00bb-66px|auto||auto||\u00bb global_colors_info=\u00bb{}\u00bb][et_pb_column type=\u00bb4_4&#8243; _builder_version=\u00bb4.17.0&#8243; _module_preset=\u00bbdefault\u00bb global_colors_info=\u00bb{}\u00bb][et_pb_text _builder_version=\u00bb4.17.0&#8243; _module_preset=\u00bbdefault\u00bb text_font=\u00bbBlinker|700|||||||\u00bb text_text_color=\u00bb#FFFFFF\u00bb text_font_size=\u00bb35px\u00bb global_colors_info=\u00bb{}\u00bb]<\/p>\n<p style=\"text-align: right;\">C\u00e1maras<\/p>\n<p>[\/et_pb_text][\/et_pb_column][\/et_pb_row][\/et_pb_section][et_pb_section fb_built=\u00bb1&#8243; _builder_version=\u00bb4.17.0&#8243; _module_preset=\u00bbdefault\u00bb custom_padding=\u00bb1px||122px|||\u00bb global_colors_info=\u00bb{}\u00bb][et_pb_row _builder_version=\u00bb4.17.0&#8243; _module_preset=\u00bbdefault\u00bb custom_padding=\u00bb7px|||||\u00bb global_colors_info=\u00bb{}\u00bb][et_pb_column type=\u00bb4_4&#8243; _builder_version=\u00bb4.17.0&#8243; _module_preset=\u00bbdefault\u00bb global_colors_info=\u00bb{}\u00bb][et_pb_text _builder_version=\u00bb4.17.0&#8243; _module_preset=\u00bbdefault\u00bb text_font=\u00bbBlinker||||||||\u00bb text_text_color=\u00bb#ec0f4b\u00bb text_font_size=\u00bb24px\u00bb global_colors_info=\u00bb{}\u00bb]<\/p>\n<p><strong>T\u00daNELES CALIFORNIANOS<\/strong><\/p>\n<p>[\/et_pb_text][\/et_pb_column][\/et_pb_row][et_pb_row _builder_version=\u00bb4.17.0&#8243; _module_preset=\u00bbdefault\u00bb custom_padding=\u00bb8px|||||\u00bb global_colors_info=\u00bb{}\u00bb][et_pb_column type=\u00bb4_4&#8243; _builder_version=\u00bb4.17.0&#8243; _module_preset=\u00bbdefault\u00bb global_colors_info=\u00bb{}\u00bb][et_pb_image src=\u00bbhttps:\/\/www.refrigeracion-famas.com.ar\/camaras-frigorificas-tuneles-de-refrigeracion\/wp-content\/uploads\/2022\/06\/tuneles-californianos.jpg\u00bb title_text=\u00bbtuneles-californianos\u00bb force_fullwidth=\u00bbon\u00bb _builder_version=\u00bb4.17.0&#8243; _module_preset=\u00bbdefault\u00bb global_colors_info=\u00bb{}\u00bb][\/et_pb_image][\/et_pb_column][\/et_pb_row][et_pb_row column_structure=\u00bb2_5,3_5&#8243; _builder_version=\u00bb4.17.0&#8243; _module_preset=\u00bbdefault\u00bb global_colors_info=\u00bb{}\u00bb][et_pb_column type=\u00bb2_5&#8243; _builder_version=\u00bb4.17.0&#8243; _module_preset=\u00bbdefault\u00bb global_colors_info=\u00bb{}\u00bb][et_pb_text _builder_version=\u00bb4.17.0&#8243; _module_preset=\u00bbdefault\u00bb text_font_size=\u00bb18px\u00bb global_colors_info=\u00bb{}\u00bb]<\/p>\n<p><strong>FACTORES IMPORTANTES<\/strong><\/p>\n<p>[\/et_pb_text][et_pb_text _builder_version=\u00bb4.17.0&#8243; _module_preset=\u00bbdefault\u00bb global_colors_info=\u00bb{}\u00bb]<\/p>\n<p>. Alta presi\u00f3n de aire.<br \/>. Correcto circuito de aire.<br \/>. Cuadal de aire adecuado.<\/p>\n<p>[\/et_pb_text][\/et_pb_column][et_pb_column type=\u00bb3_5&#8243; _builder_version=\u00bb4.17.0&#8243; _module_preset=\u00bbdefault\u00bb global_colors_info=\u00bb{}\u00bb][et_pb_text _builder_version=\u00bb4.17.0&#8243; _module_preset=\u00bbdefault\u00bb text_font_size=\u00bb18px\u00bb global_colors_info=\u00bb{}\u00bb]<\/p>\n<p><strong>CARACTER\u00cdSTICAS PRINCIPALES<\/strong><\/p>\n<p>[\/et_pb_text][et_pb_text _builder_version=\u00bb4.17.0&#8243; _module_preset=\u00bbdefault\u00bb global_colors_info=\u00bb{}\u00bb]<\/p>\n<p>Los T\u00faneles Californianos o T\u00faneles de Enfriamiento R\u00e1pido cumplen la funci\u00f3n de enfriar r\u00e1pidamente la mercader\u00eda, dado su sistema de mayor cantidad y presi\u00f3n de aire que las c\u00e1maras de enfriamiento r\u00e1pido.-<br \/>Estos T\u00faneles Cal ifornianos se pueden usar para enfriar cualquier tipo de mercader\u00eda, ya sea fresca o congelada.- En fresco se pueden utilizar para frutas, verduras, carnes, etc. (est\u00e1 muy extendido su uso para ar\u00e1ndanos, frutillas y otros berries ) y en congelado para frutas ,<br \/>verduras, carnes, comidas preparadas, etc.<br \/>Los T\u00faneles Cal ifornianos o T\u00faneles de Enfriamiento R\u00e1pido tienen un doble fondo donde se colocan electro venti ladores de mayor potencia y capacidad a los de los evaporadores .-<\/p>\n<p>[\/et_pb_text][\/et_pb_column][\/et_pb_row][et_pb_row _builder_version=\u00bb4.17.0&#8243; _module_preset=\u00bbdefault\u00bb custom_padding=\u00bb||4px|||\u00bb global_colors_info=\u00bb{}\u00bb][et_pb_column type=\u00bb4_4&#8243; _builder_version=\u00bb4.17.0&#8243; _module_preset=\u00bbdefault\u00bb global_colors_info=\u00bb{}\u00bb][et_pb_text _builder_version=\u00bb4.17.0&#8243; _module_preset=\u00bbdefault\u00bb text_font_size=\u00bb18px\u00bb global_colors_info=\u00bb{}\u00bb]<\/p>\n<p><strong>GALERIA DE FOTOS<\/strong><\/p>\n<p>[\/et_pb_text][\/et_pb_column][\/et_pb_row][et_pb_row _builder_version=\u00bb4.17.0&#8243; _module_preset=\u00bbdefault\u00bb global_colors_info=\u00bb{}\u00bb][et_pb_column type=\u00bb4_4&#8243; _builder_version=\u00bb4.17.0&#8243; _module_preset=\u00bbdefault\u00bb global_colors_info=\u00bb{}\u00bb][et_pb_gallery gallery_ids=\u00bb521,522&#8243; show_title_and_caption=\u00bboff\u00bb show_pagination=\u00bboff\u00bb _builder_version=\u00bb4.17.0&#8243; _module_preset=\u00bbdefault\u00bb hover_enabled=\u00bb0&#8243; global_colors_info=\u00bb{}\u00bb sticky_enabled=\u00bb0&#8243;][\/et_pb_gallery][\/et_pb_column][\/et_pb_row][et_pb_row _builder_version=\u00bb4.17.0&#8243; _module_preset=\u00bbdefault\u00bb custom_padding=\u00bb14px|||||\u00bb global_colors_info=\u00bb{}\u00bb][et_pb_column type=\u00bb4_4&#8243; _builder_version=\u00bb4.17.0&#8243; _module_preset=\u00bbdefault\u00bb global_colors_info=\u00bb{}\u00bb][\/et_pb_column][\/et_pb_row][\/et_pb_section]<\/p>\n","protected":false},"excerpt":{"rendered":"<p>C\u00e1marasT\u00daNELES CALIFORNIANOSFACTORES IMPORTANTES. Alta presi\u00f3n de aire.. Correcto circuito de aire.. Cuadal de aire adecuado.CARACTER\u00cdSTICAS PRINCIPALESLos T\u00faneles Californianos o T\u00faneles de Enfriamiento R\u00e1pido cumplen la funci\u00f3n de enfriar r\u00e1pidamente la mercader\u00eda, dado su sistema de mayor cantidad y presi\u00f3n de aire que las c\u00e1maras de enfriamiento r\u00e1pido.-Estos T\u00faneles Cal ifornianos se pueden usar para enfriar [&hellip;]<\/p>\n","protected":false},"author":1,"featured_media":0,"parent":395,"menu_order":0,"comment_status":"closed","ping_status":"closed","template":"","meta":{"_et_pb_use_builder":"on","_et_pb_old_content":"","_et_gb_content_width":"","footnotes":""},"class_list":["post-430","page","type-page","status-publish","hentry"],"aioseo_notices":[],"_links":{"self":[{"href":"https:\/\/www.refrigeracion-famas.com.ar\/camaras-frigorificas-tuneles-de-refrigeracion\/wp-json\/wp\/v2\/pages\/430","targetHints":{"allow":["GET"]}}],"collection":[{"href":"https:\/\/www.refrigeracion-famas.com.ar\/camaras-frigorificas-tuneles-de-refrigeracion\/wp-json\/wp\/v2\/pages"}],"about":[{"href":"https:\/\/www.refrigeracion-famas.com.ar\/camaras-frigorificas-tuneles-de-refrigeracion\/wp-json\/wp\/v2\/types\/page"}],"author":[{"embeddable":true,"href":"https:\/\/www.refrigeracion-famas.com.ar\/camaras-frigorificas-tuneles-de-refrigeracion\/wp-json\/wp\/v2\/users\/1"}],"replies":[{"embeddable":true,"href":"https:\/\/www.refrigeracion-famas.com.ar\/camaras-frigorificas-tuneles-de-refrigeracion\/wp-json\/wp\/v2\/comments?post=430"}],"version-history":[{"count":5,"href":"https:\/\/www.refrigeracion-famas.com.ar\/camaras-frigorificas-tuneles-de-refrigeracion\/wp-json\/wp\/v2\/pages\/430\/revisions"}],"predecessor-version":[{"id":523,"href":"https:\/\/www.refrigeracion-famas.com.ar\/camaras-frigorificas-tuneles-de-refrigeracion\/wp-json\/wp\/v2\/pages\/430\/revisions\/523"}],"up":[{"embeddable":true,"href":"https:\/\/www.refrigeracion-famas.com.ar\/camaras-frigorificas-tuneles-de-refrigeracion\/wp-json\/wp\/v2\/pages\/395"}],"wp:attachment":[{"href":"https:\/\/www.refrigeracion-famas.com.ar\/camaras-frigorificas-tuneles-de-refrigeracion\/wp-json\/wp\/v2\/media?parent=430"}],"curies":[{"name":"wp","href":"https:\/\/api.w.org\/{rel}","templated":true}]}}