{"id":585,"date":"2025-04-30T17:39:25","date_gmt":"2025-04-30T17:39:25","guid":{"rendered":"https:\/\/www.refrigeracion-famas.com.ar\/camaras-frigorificas-tuneles-de-refrigeracion\/?page_id=585"},"modified":"2025-04-30T18:51:12","modified_gmt":"2025-04-30T18:51:12","slug":"servicio-tecnico-preventivo","status":"publish","type":"page","link":"https:\/\/www.refrigeracion-famas.com.ar\/camaras-frigorificas-tuneles-de-refrigeracion\/servicio-tecnico-preventivo\/","title":{"rendered":"SERVICIO TECNICO PREVENTIVO"},"content":{"rendered":"<p>Nuestro Servicio T\u00e9cnico Preventivo (STP) para C\u00e1maras Frigor\u00edficas y T\u00faneles de Refrigerados y Congelados incluye las siguientes tareas y procesos:<\/p>\n<p>&#8211; Control de presiones de cada Sistema de refrigeraci\u00f3n.-<br \/>\n&#8211; Control de Consumo El\u00e9ctrico.-<br \/>\n&#8211; Limpieza de Condensador y Evaporador (en caso de ser necesario).-<br \/>\n&#8211; Revisi\u00f3n general del sistema de Refrigeraci\u00f3n y de la C\u00e1mara propiamente.-<br \/>\n&#8211; Evaluaci\u00f3n del Sistema y, en caso de ser necesario, informe de trabajos correctivos a realizar en forma planificada.-<\/p>\n<p>&nbsp;<\/p>\n<h1 class=\"entry-title main_title\">SERVICIO TECNICO CORRECTIVO<\/h1>\n<div class=\"entry-content\">\n<p>Nuestro Servicio T\u00e9cnico Correctivo (STC) para C\u00e1maras Frigor\u00edficas y T\u00faneles de Refrigerados y Congelados se ponen en pr\u00e1ctica cuando ocurren hechos inesperados que requieren de una Soluci\u00f3n Urgente.<br \/>\nPara ello contamos con un plantel de t\u00e9cnicos especializados en instalaciones de refrigeraci\u00f3n industriales como c\u00e1maras frigor\u00edficas y t\u00faneles en gas fre\u00f3n y sus reemplazos y donde la velocidad para acudir al lugar es nuestra bandera, por ello podemos decir que brindamos:<\/p>\n<p>\u2013 M\u00e1xima velocidad de respuesta<br \/>\n\u2013 Amplia capacidad t\u00e9cnica<br \/>\n\u2013 Experiencia en instalaciones de refrigeraci\u00f3n en c\u00e1maras frigor\u00edficas y t\u00faneles<\/p>\n<\/div>\n<p>&nbsp;<\/p>\n<p>&nbsp;<\/p>\n<p>&nbsp;<\/p>\n","protected":false},"excerpt":{"rendered":"<p>Nuestro Servicio T\u00e9cnico Preventivo (STP) para C\u00e1maras Frigor\u00edficas y T\u00faneles de Refrigerados y Congelados incluye las siguientes tareas y procesos: &#8211; Control de presiones de cada Sistema de refrigeraci\u00f3n.- &#8211; Control de Consumo El\u00e9ctrico.- &#8211; Limpieza de Condensador y Evaporador (en caso de ser necesario).- &#8211; Revisi\u00f3n general del sistema de Refrigeraci\u00f3n y de la [&hellip;]<\/p>\n","protected":false},"author":1,"featured_media":0,"parent":0,"menu_order":0,"comment_status":"closed","ping_status":"closed","template":"","meta":{"_et_pb_use_builder":"","_et_pb_old_content":"","_et_gb_content_width":"","footnotes":""},"class_list":["post-585","page","type-page","status-publish","hentry"],"aioseo_notices":[],"_links":{"self":[{"href":"https:\/\/www.refrigeracion-famas.com.ar\/camaras-frigorificas-tuneles-de-refrigeracion\/wp-json\/wp\/v2\/pages\/585","targetHints":{"allow":["GET"]}}],"collection":[{"href":"https:\/\/www.refrigeracion-famas.com.ar\/camaras-frigorificas-tuneles-de-refrigeracion\/wp-json\/wp\/v2\/pages"}],"about":[{"href":"https:\/\/www.refrigeracion-famas.com.ar\/camaras-frigorificas-tuneles-de-refrigeracion\/wp-json\/wp\/v2\/types\/page"}],"author":[{"embeddable":true,"href":"https:\/\/www.refrigeracion-famas.com.ar\/camaras-frigorificas-tuneles-de-refrigeracion\/wp-json\/wp\/v2\/users\/1"}],"replies":[{"embeddable":true,"href":"https:\/\/www.refrigeracion-famas.com.ar\/camaras-frigorificas-tuneles-de-refrigeracion\/wp-json\/wp\/v2\/comments?post=585"}],"version-history":[{"count":2,"href":"https:\/\/www.refrigeracion-famas.com.ar\/camaras-frigorificas-tuneles-de-refrigeracion\/wp-json\/wp\/v2\/pages\/585\/revisions"}],"predecessor-version":[{"id":594,"href":"https:\/\/www.refrigeracion-famas.com.ar\/camaras-frigorificas-tuneles-de-refrigeracion\/wp-json\/wp\/v2\/pages\/585\/revisions\/594"}],"wp:attachment":[{"href":"https:\/\/www.refrigeracion-famas.com.ar\/camaras-frigorificas-tuneles-de-refrigeracion\/wp-json\/wp\/v2\/media?parent=585"}],"curies":[{"name":"wp","href":"https:\/\/api.w.org\/{rel}","templated":true}]}}